{"id":78,"date":"2025-09-05T06:07:45","date_gmt":"2025-09-05T06:07:45","guid":{"rendered":"https:\/\/www.adarsus.com\/?page_id=78"},"modified":"2025-10-28T19:36:42","modified_gmt":"2025-10-28T19:36:42","slug":"aviso-legal","status":"publish","type":"page","link":"https:\/\/www.adarsus.com\/pt\/aviso-legal\/","title":{"rendered":"Aviso legal"},"content":{"rendered":"<style>.elementor-78 .elementor-element.elementor-element-4791ac0{--display:flex;--min-height:150px;--flex-direction:row;--container-widget-width:calc( ( 1 - var( --container-widget-flex-grow ) ) * 100% );--container-widget-height:100%;--container-widget-flex-grow:1;--container-widget-align-self:stretch;--flex-wrap-mobile:wrap;--align-items:center;--gap:50px 50px;--row-gap:50px;--column-gap:50px;--padding-top:0px;--padding-bottom:0px;--padding-left:50px;--padding-right:50px;}.elementor-78 .elementor-element.elementor-element-4791ac0:not(.elementor-motion-effects-element-type-background), .elementor-78 .elementor-element.elementor-element-4791ac0 > .elementor-motion-effects-container > .elementor-motion-effects-layer{background-color:var( --e-global-color-secondary );}.elementor-78 .elementor-element.elementor-element-4583641{--display:flex;--flex-direction:column;--container-widget-width:100%;--container-widget-height:initial;--container-widget-flex-grow:0;--container-widget-align-self:initial;--flex-wrap-mobile:wrap;}.elementor-78 .elementor-element.elementor-element-1a57cc3{text-align:start;}.elementor-78 .elementor-element.elementor-element-1a57cc3 .elementor-heading-title{font-family:var( --e-global-typography-67ace4e-font-family ), Sans-serif;font-size:var( --e-global-typography-67ace4e-font-size );font-weight:var( --e-global-typography-67ace4e-font-weight );text-transform:var( --e-global-typography-67ace4e-text-transform );line-height:var( --e-global-typography-67ace4e-line-height );letter-spacing:var( --e-global-typography-67ace4e-letter-spacing );word-spacing:var( --e-global-typography-67ace4e-word-spacing );color:var( --e-global-color-primary );}.elementor-78 .elementor-element.elementor-element-8f7755b{--display:flex;--flex-direction:column;--container-widget-width:100%;--container-widget-height:initial;--container-widget-flex-grow:0;--container-widget-align-self:initial;--flex-wrap-mobile:wrap;--padding-top:100px;--padding-bottom:100px;--padding-left:50px;--padding-right:50px;}.elementor-78 .elementor-element.elementor-element-fa78911 .elementor-icon-list-items:not(.elementor-inline-items) .elementor-icon-list-item:not(:last-child){padding-block-end:calc(8px\/2);}.elementor-78 .elementor-element.elementor-element-fa78911 .elementor-icon-list-items:not(.elementor-inline-items) .elementor-icon-list-item:not(:first-child){margin-block-start:calc(8px\/2);}.elementor-78 .elementor-element.elementor-element-fa78911 .elementor-icon-list-items.elementor-inline-items .elementor-icon-list-item{margin-inline:calc(8px\/2);}.elementor-78 .elementor-element.elementor-element-fa78911 .elementor-icon-list-items.elementor-inline-items{margin-inline:calc(-8px\/2);}.elementor-78 .elementor-element.elementor-element-fa78911 .elementor-icon-list-items.elementor-inline-items .elementor-icon-list-item:after{inset-inline-end:calc(-8px\/2);}.elementor-78 .elementor-element.elementor-element-fa78911 .elementor-icon-list-icon i{color:var( --e-global-color-primary );transition:color 0.3s;}.elementor-78 .elementor-element.elementor-element-fa78911 .elementor-icon-list-icon svg{fill:var( --e-global-color-primary );transition:fill 0.3s;}.elementor-78 .elementor-element.elementor-element-fa78911{--e-icon-list-icon-size:14px;--icon-vertical-offset:0px;}.elementor-78 .elementor-element.elementor-element-fa78911 .elementor-icon-list-text{transition:color 0.3s;}@media(min-width:768px){.elementor-78 .elementor-element.elementor-element-4583641{--width:50%;}}@media(max-width:1366px){.elementor-78 .elementor-element.elementor-element-1a57cc3 .elementor-heading-title{font-size:var( --e-global-typography-67ace4e-font-size );line-height:var( --e-global-typography-67ace4e-line-height );letter-spacing:var( --e-global-typography-67ace4e-letter-spacing );word-spacing:var( --e-global-typography-67ace4e-word-spacing );}.elementor-78 .elementor-element.elementor-element-8f7755b{--padding-top:80px;--padding-bottom:80px;--padding-left:30px;--padding-right:30px;}}@media(max-width:767px){.elementor-78 .elementor-element.elementor-element-1a57cc3 .elementor-heading-title{font-size:var( --e-global-typography-67ace4e-font-size );line-height:var( --e-global-typography-67ace4e-line-height );letter-spacing:var( --e-global-typography-67ace4e-letter-spacing );word-spacing:var( --e-global-typography-67ace4e-word-spacing );}.elementor-78 .elementor-element.elementor-element-8f7755b{--padding-top:40px;--padding-bottom:40px;--padding-left:20px;--padding-right:20px;}}<\/style>\t\t<div data-elementor-type=\"wp-page\" data-elementor-id=\"78\" class=\"elementor elementor-78\" data-elementor-post-type=\"page\">\n\t\t\t\t<div class=\"elementor-element elementor-element-4791ac0 e-flex e-con-boxed e-con e-parent\" data-id=\"4791ac0\" data-element_type=\"container\" data-e-type=\"container\" data-settings=\"{&quot;background_background&quot;:&quot;classic&quot;}\">\n\t\t\t\t\t<div class=\"e-con-inner\">\n\t\t<div class=\"elementor-element elementor-element-4583641 e-con-full e-flex e-con e-child\" data-id=\"4583641\" data-element_type=\"container\" data-e-type=\"container\">\n\t\t\t\t<div class=\"elementor-element elementor-element-1a57cc3 elementor-widget elementor-widget-heading\" data-id=\"1a57cc3\" data-element_type=\"widget\" data-e-type=\"widget\" data-widget_type=\"heading.default\">\n\t\t\t\t\t<h1 class=\"elementor-heading-title elementor-size-default\">Aviso legal<\/h1>\t\t\t\t<\/div>\n\t\t\t\t<\/div>\n\t\t\t\t\t<\/div>\n\t\t\t\t<\/div>\n\t\t<div class=\"elementor-element elementor-element-8f7755b e-flex e-con-boxed e-con e-parent\" data-id=\"8f7755b\" data-element_type=\"container\" data-e-type=\"container\">\n\t\t\t\t\t<div class=\"e-con-inner\">\n\t\t\t\t<div class=\"elementor-element elementor-element-45f01e3 elementor-widget elementor-widget-text-editor\" data-id=\"45f01e3\" data-element_type=\"widget\" data-e-type=\"widget\" data-widget_type=\"text-editor.default\">\n\t\t\t\t\t\t\t\t\t<p><span style=\"font-weight: 400;\">Em conformidade com o dever de informa\u00e7\u00e3o contido no artigo 10 da Lei 34\/2002, de 11 de julho, sobre Servi\u00e7os da Sociedade da Informa\u00e7\u00e3o e Com\u00e9rcio Eletr\u00f4nico (LSSICE), o propriet\u00e1rio do site informa o seguinte:<\/span><\/p>\t\t\t\t\t\t\t\t<\/div>\n\t\t\t\t<div class=\"elementor-element elementor-element-fa78911 elementor-icon-list--layout-traditional elementor-list-item-link-full_width elementor-widget elementor-widget-icon-list\" data-id=\"fa78911\" data-element_type=\"widget\" data-e-type=\"widget\" data-widget_type=\"icon-list.default\">\n\t\t\t\t\t\t\t<ul class=\"elementor-icon-list-items\">\n\t\t\t\t\t\t\t<li class=\"elementor-icon-list-item\">\n\t\t\t\t\t\t\t\t\t\t\t<span class=\"elementor-icon-list-icon\">\n\t\t\t\t\t\t\t<svg aria-hidden=\"true\" class=\"e-font-icon-svg e-fas-caret-right\" viewbox=\"0 0 192 512\" xmlns=\"http:\/\/www.w3.org\/2000\/svg\"><path d=\"M0 384.662V127.338c0-17.818 21.543-26.741 34.142-14.142l128.662 128.662c7.81 7.81 7.81 20.474 0 28.284L34.142 398.804C21.543 411.404 0 402.48 0 384.662z\"><\/path><\/svg>\t\t\t\t\t\t<\/span>\n\t\t\t\t\t\t\t\t\t\t<span class=\"elementor-icon-list-text\"><strong>Nome da empresa: <\/strong>Estrat\u00e9gia de Metadados, S.L.<\/span>\n\t\t\t\t\t\t\t\t\t<\/li>\n\t\t\t\t\t\t\t\t<li class=\"elementor-icon-list-item\">\n\t\t\t\t\t\t\t\t\t\t\t<span class=\"elementor-icon-list-icon\">\n\t\t\t\t\t\t\t<svg aria-hidden=\"true\" class=\"e-font-icon-svg e-fas-caret-right\" viewbox=\"0 0 192 512\" xmlns=\"http:\/\/www.w3.org\/2000\/svg\"><path d=\"M0 384.662V127.338c0-17.818 21.543-26.741 34.142-14.142l128.662 128.662c7.81 7.81 7.81 20.474 0 28.284L34.142 398.804C21.543 411.404 0 402.48 0 384.662z\"><\/path><\/svg>\t\t\t\t\t\t<\/span>\n\t\t\t\t\t\t\t\t\t\t<span class=\"elementor-icon-list-text\"><strong>NIF: <\/strong>B21920749<\/span>\n\t\t\t\t\t\t\t\t\t<\/li>\n\t\t\t\t\t\t\t\t<li class=\"elementor-icon-list-item\">\n\t\t\t\t\t\t\t\t\t\t\t<span class=\"elementor-icon-list-icon\">\n\t\t\t\t\t\t\t<svg aria-hidden=\"true\" class=\"e-font-icon-svg e-fas-caret-right\" viewbox=\"0 0 192 512\" xmlns=\"http:\/\/www.w3.org\/2000\/svg\"><path d=\"M0 384.662V127.338c0-17.818 21.543-26.741 34.142-14.142l128.662 128.662c7.81 7.81 7.81 20.474 0 28.284L34.142 398.804C21.543 411.404 0 402.48 0 384.662z\"><\/path><\/svg>\t\t\t\t\t\t<\/span>\n\t\t\t\t\t\t\t\t\t\t<span class=\"elementor-icon-list-text\"><strong>Endere\u00e7o: <\/strong>Avda Secundino Zuazo 95 - Portal 4, 3\u00ba C, 28055 - Madri (Madri)<\/span>\n\t\t\t\t\t\t\t\t\t<\/li>\n\t\t\t\t\t\t<\/ul>\n\t\t\t\t\t\t<\/div>\n\t\t\t\t<div class=\"elementor-element elementor-element-3b64da2 elementor-widget elementor-widget-text-editor\" data-id=\"3b64da2\" data-element_type=\"widget\" data-e-type=\"widget\" data-widget_type=\"text-editor.default\">\n\t\t\t\t\t\t\t\t\t<p><span style=\"font-weight: 400;\">Registrada no Registro Mercantil de MADRID Jornal\/Avalia\u00e7\u00e3o 2025\/9751 P\u00e1gina M-853651<\/span><\/p><p><span style=\"font-weight: 400;\">Dentro dos limites estabelecidos por lei, a Metadata Strategy, S.L. n\u00e3o assume nenhuma responsabilidade pela falta de veracidade, integridade, atualiza\u00e7\u00e3o e precis\u00e3o dos dados ou informa\u00e7\u00f5es contidas em suas p\u00e1ginas da Web.<\/span><\/p><p><span style=\"font-weight: 400;\">O conte\u00fado e as informa\u00e7\u00f5es n\u00e3o vinculam a Metadata Strategy, S.L. nem constituem opini\u00f5es, conselhos ou assessoria jur\u00eddica de qualquer tipo, uma vez que se trata apenas de um servi\u00e7o oferecido para fins informativos e informativos.<\/span><\/p><p><span style=\"font-weight: 400;\">As p\u00e1ginas da Internet da Metadata Strategy, S.L. podem conter links para outras p\u00e1ginas de terceiros que a Metadata Strategy, S.L. n\u00e3o pode controlar. Portanto, a Metadata Strategy, S.L. n\u00e3o pode assumir responsabilidade pelo conte\u00fado que possa aparecer em sites de terceiros.<\/span><\/p><p><span style=\"font-weight: 400;\">Os textos, imagens, sons, anima\u00e7\u00f5es, software e outros conte\u00fados inclu\u00eddos neste site s\u00e3o de propriedade exclusiva da Metadata Strategy, S.L. ou de seus licenciadores. Qualquer ato de transmiss\u00e3o, distribui\u00e7\u00e3o, transfer\u00eancia, reprodu\u00e7\u00e3o, armazenamento ou comunica\u00e7\u00e3o p\u00fablica total ou parcial deve ter o consentimento expresso da Adarsus Technologies, S.L..<\/span><\/p><p><span style=\"font-weight: 400;\">Da mesma forma, para acessar alguns dos servi\u00e7os que a Metadata Strategy, S.L. oferece por meio do site, voc\u00ea deve fornecer alguns dados pessoais. Em conformidade com as disposi\u00e7\u00f5es do Regulamento (UE) 2016\/679 do Parlamento Europeu e do Conselho, de 27 de abril de 2016, relativo \u00e0 prote\u00e7\u00e3o das pessoas f\u00edsicas no que diz respeito ao tratamento de dados pessoais e \u00e0 livre circula\u00e7\u00e3o desses dados, informamos que, ao preencher esses formul\u00e1rios, seus dados pessoais ser\u00e3o armazenados e processados nos arquivos da Adarsus Technologies, S.L., a fim de fornecer e oferecer nossos servi\u00e7os e inform\u00e1-lo sobre melhorias no site.<\/span><\/p><p><span style=\"font-weight: 400;\">Tamb\u00e9m informamos que voc\u00ea pode, a qualquer momento, exercer seus direitos de acesso, retifica\u00e7\u00e3o, cancelamento, oposi\u00e7\u00e3o, limita\u00e7\u00e3o e portabilidade de seus dados pessoais, gratuitamente, por e-mail para: sales@adarsus.com ou no seguinte endere\u00e7o: Avda Secundino Zuazo 95 - Portal 4, 3\u00ba C, 28055 - Madrid (Madrid).<\/span><\/p><p><span style=\"font-weight: 400;\">O Metadata Strategy \u00e9 de propriedade da Adarsus Technologies, S.L.<\/span><\/p>\t\t\t\t\t\t\t\t<\/div>\n\t\t\t\t\t<\/div>\n\t\t\t\t<\/div>\n\t\t\t\t<\/div>","protected":false},"excerpt":{"rendered":"<p>Aviso Legal En cumplimiento con el deber de informaci\u00f3n recogido en art\u00edculo 10 de la Ley 34\/2002, de 11 de julio, de Servicios de la Sociedad de la Informaci\u00f3n y del Comercio Electr\u00f3nico (LSSICE), el propietario de la web , le informa de lo siguiente: Denominaci\u00f3n social: Metadata Strategy, S.L. NIF: B21920749 Domicilio: Avda Secundino [&hellip;]<\/p>\n","protected":false},"author":1,"featured_media":0,"parent":0,"menu_order":0,"comment_status":"closed","ping_status":"closed","template":"","meta":{"footnotes":""},"class_list":["post-78","page","type-page","status-publish","hentry"],"_links":{"self":[{"href":"https:\/\/www.adarsus.com\/pt\/wp-json\/wp\/v2\/pages\/78","targetHints":{"allow":["GET"]}}],"collection":[{"href":"https:\/\/www.adarsus.com\/pt\/wp-json\/wp\/v2\/pages"}],"about":[{"href":"https:\/\/www.adarsus.com\/pt\/wp-json\/wp\/v2\/types\/page"}],"author":[{"embeddable":true,"href":"https:\/\/www.adarsus.com\/pt\/wp-json\/wp\/v2\/users\/1"}],"replies":[{"embeddable":true,"href":"https:\/\/www.adarsus.com\/pt\/wp-json\/wp\/v2\/comments?post=78"}],"version-history":[{"count":34,"href":"https:\/\/www.adarsus.com\/pt\/wp-json\/wp\/v2\/pages\/78\/revisions"}],"predecessor-version":[{"id":7245,"href":"https:\/\/www.adarsus.com\/pt\/wp-json\/wp\/v2\/pages\/78\/revisions\/7245"}],"wp:attachment":[{"href":"https:\/\/www.adarsus.com\/pt\/wp-json\/wp\/v2\/media?parent=78"}],"curies":[{"name":"wp","href":"https:\/\/api.w.org\/{rel}","templated":true}]}}