{"id":6518,"date":"2025-10-27T15:18:09","date_gmt":"2025-10-27T15:18:09","guid":{"rendered":"https:\/\/www.adarsus.com\/?page_id=6518"},"modified":"2025-11-08T07:56:06","modified_gmt":"2025-11-08T07:56:06","slug":"solucoes-de-metaesquecimento","status":"publish","type":"page","link":"https:\/\/www.adarsus.com\/pt\/soluciones-metaolvido\/","title":{"rendered":"Solu\u00e7\u00f5es MetaOlvido"},"content":{"rendered":"<style>.elementor-6518 .elementor-element.elementor-element-d8da048{--display:flex;--min-height:400px;--flex-direction:column;--container-widget-width:100%;--container-widget-height:initial;--container-widget-flex-grow:0;--container-widget-align-self:initial;--flex-wrap-mobile:wrap;--justify-content:center;--gap:80px 80px;--row-gap:80px;--column-gap:80px;--padding-top:100px;--padding-bottom:100px;--padding-left:50px;--padding-right:50px;}.elementor-6518 .elementor-element.elementor-element-d8da048:not(.elementor-motion-effects-element-type-background), .elementor-6518 .elementor-element.elementor-element-d8da048 > .elementor-motion-effects-container > .elementor-motion-effects-layer{background-color:var( --e-global-color-secondary );}.elementor-6518 .elementor-element.elementor-element-1dcee2b{--display:flex;--flex-direction:row;--container-widget-width:initial;--container-widget-height:100%;--container-widget-flex-grow:1;--container-widget-align-self:stretch;--flex-wrap-mobile:wrap;}.elementor-6518 .elementor-element.elementor-element-e987345{text-align:start;}.elementor-6518 .elementor-element.elementor-element-e987345 .elementor-heading-title{color:var( --e-global-color-primary );}.elementor-6518 .elementor-element.elementor-element-c68406f{--display:flex;--flex-direction:column;--container-widget-width:100%;--container-widget-height:initial;--container-widget-flex-grow:0;--container-widget-align-self:initial;--flex-wrap-mobile:wrap;--gap:80px 80px;--row-gap:80px;--column-gap:80px;--padding-top:100px;--padding-bottom:100px;--padding-left:50px;--padding-right:50px;}.elementor-6518 .elementor-element.elementor-element-c00cdb2{--display:flex;--flex-direction:row;--container-widget-width:initial;--container-widget-height:100%;--container-widget-flex-grow:1;--container-widget-align-self:stretch;--flex-wrap-mobile:wrap;}.elementor-6518 .elementor-element.elementor-element-fbbed8e{--display:flex;}.elementor-6518 .elementor-element.elementor-element-a8c6e3a{text-align:start;font-family:var( --e-global-typography-accent-font-family ), Sans-serif;font-size:var( --e-global-typography-accent-font-size );font-weight:var( --e-global-typography-accent-font-weight );text-transform:var( --e-global-typography-accent-text-transform );line-height:var( --e-global-typography-accent-line-height );color:var( --e-global-color-secondary );width:var( --container-widget-width, 777px );max-width:777px;--container-widget-width:777px;--container-widget-flex-grow:0;}.elementor-6518 .elementor-element.elementor-element-dba640f{--display:flex;}.elementor-6518 .elementor-element.elementor-element-7d1c303 img{width:248px;}.elementor-6518 .elementor-element.elementor-element-7d1c303.elementor-element{--align-self:center;}.elementor-6518 .elementor-element.elementor-element-bf542f0{--display:flex;--flex-direction:row;--container-widget-width:initial;--container-widget-height:100%;--container-widget-flex-grow:1;--container-widget-align-self:stretch;--flex-wrap-mobile:wrap;--justify-content:center;--padding-top:0px;--padding-bottom:0px;--padding-left:0px;--padding-right:0px;}.elementor-6518 .elementor-element.elementor-element-5774128 .elementor-button:hover, .elementor-6518 .elementor-element.elementor-element-5774128 .elementor-button:focus{background-color:var( --e-global-color-secondary );border-color:var( --e-global-color-secondary );}.elementor-6518 .elementor-element.elementor-element-b6df34b .elementor-button{fill:var( --e-global-color-text );color:var( --e-global-color-text );background-color:#FFFFFF;}.elementor-6518 .elementor-element.elementor-element-b6df34b .elementor-button:hover, .elementor-6518 .elementor-element.elementor-element-b6df34b .elementor-button:focus{color:var( --e-global-color-3c2ad25 );background-color:var( --e-global-color-secondary );border-color:var( --e-global-color-secondary );}.elementor-6518 .elementor-element.elementor-element-b6df34b .elementor-button:hover svg, .elementor-6518 .elementor-element.elementor-element-b6df34b .elementor-button:focus svg{fill:var( --e-global-color-3c2ad25 );}.elementor-6518 .elementor-element.elementor-element-b3f87e5 img{width:593px;}.elementor-6518 .elementor-element.elementor-element-520f9c4 img{width:148px;}@media(max-width:1366px){.elementor-6518 .elementor-element.elementor-element-d8da048{--padding-top:80px;--padding-bottom:80px;--padding-left:30px;--padding-right:30px;}.elementor-6518 .elementor-element.elementor-element-1dcee2b{--flex-direction:row;--container-widget-width:initial;--container-widget-height:100%;--container-widget-flex-grow:1;--container-widget-align-self:stretch;--flex-wrap-mobile:wrap;}.elementor-6518 .elementor-element.elementor-element-c68406f{--gap:60px 60px;--row-gap:60px;--column-gap:60px;--padding-top:80px;--padding-bottom:80px;--padding-left:30px;--padding-right:30px;}.elementor-6518 .elementor-element.elementor-element-c00cdb2{--gap:40px 40px;--row-gap:40px;--column-gap:40px;}.elementor-6518 .elementor-element.elementor-element-fbbed8e{--padding-top:0px;--padding-bottom:0px;--padding-left:0px;--padding-right:0px;}.elementor-6518 .elementor-element.elementor-element-a8c6e3a{font-size:var( --e-global-typography-accent-font-size );line-height:var( --e-global-typography-accent-line-height );margin:0px 0px calc(var(--kit-widget-spacing, 0px) + 0px) 0px;}.elementor-6518 .elementor-element.elementor-element-7d1c303 img{width:210px;}.elementor-6518 .elementor-element.elementor-element-b3f87e5 img{width:541px;}.elementor-6518 .elementor-element.elementor-element-520f9c4 img{width:120px;}}@media(max-width:767px){.elementor-6518 .elementor-element.elementor-element-d8da048{--gap:40px 40px;--row-gap:40px;--column-gap:40px;--padding-top:40px;--padding-bottom:40px;--padding-left:20px;--padding-right:20px;}.elementor-6518 .elementor-element.elementor-element-e987345{text-align:start;padding:0px 0px 0px 0px;}.elementor-6518 .elementor-element.elementor-element-c68406f{--gap:40px 40px;--row-gap:40px;--column-gap:40px;--padding-top:60px;--padding-bottom:60px;--padding-left:20px;--padding-right:20px;}.elementor-6518 .elementor-element.elementor-element-c00cdb2{--gap:20px 20px;--row-gap:20px;--column-gap:20px;}.elementor-6518 .elementor-element.elementor-element-a8c6e3a{text-align:center;font-size:var( --e-global-typography-accent-font-size );line-height:var( --e-global-typography-accent-line-height );}.elementor-6518 .elementor-element.elementor-element-bf542f0{--justify-content:center;}}@media(min-width:768px){.elementor-6518 .elementor-element.elementor-element-1dcee2b{--width:65%;}.elementor-6518 .elementor-element.elementor-element-fbbed8e{--width:60%;}.elementor-6518 .elementor-element.elementor-element-dba640f{--width:42%;}}@media(max-width:1366px) and (min-width:768px){.elementor-6518 .elementor-element.elementor-element-1dcee2b{--width:85%;}}<\/style>\t\t<div data-elementor-type=\"wp-page\" data-elementor-id=\"6518\" class=\"elementor elementor-6518\" data-elementor-post-type=\"page\">\n\t\t\t\t<div class=\"elementor-element elementor-element-d8da048 e-flex e-con-boxed e-con e-parent\" data-id=\"d8da048\" data-element_type=\"container\" data-e-type=\"container\" data-settings=\"{&quot;background_background&quot;:&quot;classic&quot;}\">\n\t\t\t\t\t<div class=\"e-con-inner\">\n\t\t<div class=\"elementor-element elementor-element-1dcee2b e-con-full e-flex e-con e-child\" data-id=\"1dcee2b\" data-element_type=\"container\" data-e-type=\"container\">\n\t\t\t\t<div class=\"elementor-element elementor-element-e987345 elementor-widget elementor-widget-heading\" data-id=\"e987345\" data-element_type=\"widget\" data-e-type=\"widget\" data-widget_type=\"heading.default\">\n\t\t\t\t\t<h1 class=\"elementor-heading-title elementor-size-default\">Solu\u00e7\u00f5es MetaOlvido<\/h1>\t\t\t\t<\/div>\n\t\t\t\t<\/div>\n\t\t\t\t\t<\/div>\n\t\t\t\t<\/div>\n\t\t<div class=\"elementor-element elementor-element-c68406f e-flex e-con-boxed e-con e-child\" data-id=\"c68406f\" data-element_type=\"container\" data-e-type=\"container\">\n\t\t\t\t\t<div class=\"e-con-inner\">\n\t\t<div class=\"elementor-element elementor-element-c00cdb2 e-con-full e-flex e-con e-child\" data-id=\"c00cdb2\" data-element_type=\"container\" data-e-type=\"container\">\n\t\t<div class=\"elementor-element elementor-element-fbbed8e e-con-full e-flex e-con e-child\" data-id=\"fbbed8e\" data-element_type=\"container\" data-e-type=\"container\">\n\t\t\t\t<div class=\"elementor-element elementor-element-a8c6e3a elementor-widget__width-initial elementor-widget elementor-widget-text-editor\" data-id=\"a8c6e3a\" data-element_type=\"widget\" data-e-type=\"widget\" data-widget_type=\"text-editor.default\">\n\t\t\t\t\t\t\t\t\t<p><b>MetaOlvido<\/b><span style=\"font-weight: 400;\"> \u00e9 uma ferramenta da <\/span><b>Centro Criptol\u00f3gico Nacional (CCN)<\/b><span style=\"font-weight: 400;\"> projetado para o <\/span><b>remo\u00e7\u00e3o autom\u00e1tica de metadados de documentos e arquivos<\/b><span style=\"font-weight: 400;\">, evitando a exposi\u00e7\u00e3o de informa\u00e7\u00f5es confidenciais. Compat\u00edvel com mais de 150 formatos, ele se integra a ambientes corporativos (correio eletr\u00f4nico, servidores, terminais) e est\u00e1 em conformidade com as normas de seguran\u00e7a da ONU. <\/span><b>Esquema de Seguran\u00e7a Nacional (ENS)<\/b><span style=\"font-weight: 400;\"> e o <\/span><b>GDPR<\/b><\/p>\t\t\t\t\t\t\t\t<\/div>\n\t\t\t\t<\/div>\n\t\t<div class=\"elementor-element elementor-element-dba640f e-con-full e-flex e-con e-child\" data-id=\"dba640f\" data-element_type=\"container\" data-e-type=\"container\">\n\t\t\t\t<div class=\"elementor-element elementor-element-7d1c303 elementor-widget elementor-widget-image\" data-id=\"7d1c303\" data-element_type=\"widget\" data-e-type=\"widget\" data-widget_type=\"image.default\">\n\t\t\t\t\t\t\t\t\t\t\t\t\t\t\t<img loading=\"lazy\" decoding=\"async\" width=\"800\" height=\"353\" src=\"https:\/\/www.adarsus.com\/wp-content\/uploads\/2025\/09\/metaOLVIDO@5x-1-scaled-e1758524374348-1024x452.png\" class=\"attachment-large size-large wp-image-5876\" alt=\"metaOLVIDO@5x 1 em escala e1758524374348\" srcset=\"https:\/\/www.adarsus.com\/wp-content\/uploads\/2025\/09\/metaOLVIDO@5x-1-scaled-e1758524374348-1024x452.png 1024w, https:\/\/www.adarsus.com\/wp-content\/uploads\/2025\/09\/metaOLVIDO@5x-1-scaled-e1758524374348-300x132.png 300w, https:\/\/www.adarsus.com\/wp-content\/uploads\/2025\/09\/metaOLVIDO@5x-1-scaled-e1758524374348-768x339.png 768w, https:\/\/www.adarsus.com\/wp-content\/uploads\/2025\/09\/metaOLVIDO@5x-1-scaled-e1758524374348-1536x677.png 1536w, https:\/\/www.adarsus.com\/wp-content\/uploads\/2025\/09\/metaOLVIDO@5x-1-scaled-e1758524374348-18x8.png 18w, https:\/\/www.adarsus.com\/wp-content\/uploads\/2025\/09\/metaOLVIDO@5x-1-scaled-e1758524374348-600x265.png 600w, https:\/\/www.adarsus.com\/wp-content\/uploads\/2025\/09\/metaOLVIDO@5x-1-scaled-e1758524374348.png 1984w\" sizes=\"auto, (max-width: 800px) 100vw, 800px\" \/>\t\t\t\t\t\t\t\t\t\t\t\t\t\t\t<\/div>\n\t\t\t\t<\/div>\n\t\t\t\t<\/div>\n\t\t<div class=\"elementor-element elementor-element-bf542f0 e-con-full e-flex e-con e-child\" data-id=\"bf542f0\" data-element_type=\"container\" data-e-type=\"container\">\n\t\t\t\t<div class=\"elementor-element elementor-element-5774128 elementor-widget elementor-widget-button\" data-id=\"5774128\" data-element_type=\"widget\" data-e-type=\"widget\" data-widget_type=\"button.default\">\n\t\t\t\t\t\t\t\t\t\t<a class=\"elementor-button elementor-button-link elementor-size-sm elementor-animation-shrink\" href=\"https:\/\/outlook.office.com\/book\/MetaCleanApproachbyAdarsus@adarsus.onmicrosoft.com\/?ismsaljsauthenabled\" target=\"_blank\" rel=\"noopener\">\n\t\t\t\t\t\t<span class=\"elementor-button-content-wrapper\">\n\t\t\t\t\t\t\t\t\t<span class=\"elementor-button-text\">Solicite uma demonstra\u00e7\u00e3o<\/span>\n\t\t\t\t\t<\/span>\n\t\t\t\t\t<\/a>\n\t\t\t\t\t\t\t\t<\/div>\n\t\t\t\t<div class=\"elementor-element elementor-element-b6df34b elementor-widget elementor-widget-button\" data-id=\"b6df34b\" data-element_type=\"widget\" data-e-type=\"widget\" data-widget_type=\"button.default\">\n\t\t\t\t\t\t\t\t\t\t<a class=\"elementor-button elementor-button-link elementor-size-sm elementor-animation-shrink\" href=\"https:\/\/www.ccn.cni.es\/index.php\/es\/soluciones-ccn\/metaolvido\" target=\"_blank\" rel=\"noopener\">\n\t\t\t\t\t\t<span class=\"elementor-button-content-wrapper\">\n\t\t\t\t\t\t\t\t\t<span class=\"elementor-button-text\">Ver MetaOlvido na CCN<\/span>\n\t\t\t\t\t<\/span>\n\t\t\t\t\t<\/a>\n\t\t\t\t\t\t\t\t<\/div>\n\t\t\t\t<\/div>\n\t\t\t\t<div class=\"elementor-element elementor-element-b3f87e5 elementor-widget elementor-widget-image\" data-id=\"b3f87e5\" data-element_type=\"widget\" data-e-type=\"widget\" data-widget_type=\"image.default\">\n\t\t\t\t\t\t\t\t\t\t\t\t\t\t\t<img loading=\"lazy\" decoding=\"async\" width=\"728\" height=\"1024\" src=\"https:\/\/www.adarsus.com\/wp-content\/uploads\/2025\/10\/Infografias_web_metaOlvido-728x1024.jpg\" class=\"attachment-large size-large wp-image-6521\" alt=\"Infogr\u00e1ficos web metaOlvido\" srcset=\"https:\/\/www.adarsus.com\/wp-content\/uploads\/2025\/10\/Infografias_web_metaOlvido-728x1024.jpg 728w, https:\/\/www.adarsus.com\/wp-content\/uploads\/2025\/10\/Infografias_web_metaOlvido-213x300.jpg 213w, https:\/\/www.adarsus.com\/wp-content\/uploads\/2025\/10\/Infografias_web_metaOlvido-768x1080.jpg 768w, https:\/\/www.adarsus.com\/wp-content\/uploads\/2025\/10\/Infografias_web_metaOlvido-1093x1536.jpg 1093w, https:\/\/www.adarsus.com\/wp-content\/uploads\/2025\/10\/Infografias_web_metaOlvido-9x12.jpg 9w, https:\/\/www.adarsus.com\/wp-content\/uploads\/2025\/10\/Infografias_web_metaOlvido-600x843.jpg 600w, https:\/\/www.adarsus.com\/wp-content\/uploads\/2025\/10\/Infografias_web_metaOlvido.jpg 1242w\" sizes=\"auto, (max-width: 728px) 100vw, 728px\" \/>\t\t\t\t\t\t\t\t\t\t\t\t\t\t\t<\/div>\n\t\t\t\t<div class=\"elementor-element elementor-element-520f9c4 elementor-widget elementor-widget-image\" data-id=\"520f9c4\" data-element_type=\"widget\" data-e-type=\"widget\" data-widget_type=\"image.default\">\n\t\t\t\t\t\t\t\t\t\t\t\t\t\t\t\t<a href=\"https:\/\/www.ccn-cert.cni.es\/es\/\" target=\"_blank\" rel=\"noopener\">\n\t\t\t\t\t\t\t<img loading=\"lazy\" decoding=\"async\" width=\"246\" height=\"110\" src=\"https:\/\/www.adarsus.com\/wp-content\/uploads\/2025\/10\/logo-ccn.png\" class=\"attachment-large size-large wp-image-6520\" alt=\"logotipo da ccn\" srcset=\"https:\/\/www.adarsus.com\/wp-content\/uploads\/2025\/10\/logo-ccn.png 246w, https:\/\/www.adarsus.com\/wp-content\/uploads\/2025\/10\/logo-ccn-18x8.png 18w\" sizes=\"auto, (max-width: 246px) 100vw, 246px\" \/>\t\t\t\t\t\t\t\t<\/a>\n\t\t\t\t\t\t\t\t\t\t\t\t\t\t\t<\/div>\n\t\t\t\t\t<\/div>\n\t\t\t\t<\/div>\n\t\t\t\t<\/div>","protected":false},"excerpt":{"rendered":"<p>Soluciones MetaOlvido MetaOlvido es una herramienta del Centro Criptol\u00f3gico Nacional (CCN) dise\u00f1ada para la eliminaci\u00f3n autom\u00e1tica de metadatos en documentos y ficheros, evitando la exposici\u00f3n de informaci\u00f3n sensible. Compatible con m\u00e1s de 150 formatos, se integra en entornos corporativos (correo, servidores, endpoints) y cumple con el Esquema Nacional de Seguridad (ENS) y el RGPD Solicita [&hellip;]<\/p>\n","protected":false},"author":4,"featured_media":0,"parent":0,"menu_order":0,"comment_status":"closed","ping_status":"closed","template":"","meta":{"footnotes":""},"class_list":["post-6518","page","type-page","status-publish","hentry"],"_links":{"self":[{"href":"https:\/\/www.adarsus.com\/pt\/wp-json\/wp\/v2\/pages\/6518","targetHints":{"allow":["GET"]}}],"collection":[{"href":"https:\/\/www.adarsus.com\/pt\/wp-json\/wp\/v2\/pages"}],"about":[{"href":"https:\/\/www.adarsus.com\/pt\/wp-json\/wp\/v2\/types\/page"}],"author":[{"embeddable":true,"href":"https:\/\/www.adarsus.com\/pt\/wp-json\/wp\/v2\/users\/4"}],"replies":[{"embeddable":true,"href":"https:\/\/www.adarsus.com\/pt\/wp-json\/wp\/v2\/comments?post=6518"}],"version-history":[{"count":31,"href":"https:\/\/www.adarsus.com\/pt\/wp-json\/wp\/v2\/pages\/6518\/revisions"}],"predecessor-version":[{"id":7768,"href":"https:\/\/www.adarsus.com\/pt\/wp-json\/wp\/v2\/pages\/6518\/revisions\/7768"}],"wp:attachment":[{"href":"https:\/\/www.adarsus.com\/pt\/wp-json\/wp\/v2\/media?parent=6518"}],"curies":[{"name":"wp","href":"https:\/\/api.w.org\/{rel}","templated":true}]}}