{"id":3,"date":"2025-09-03T11:02:42","date_gmt":"2025-09-03T11:02:42","guid":{"rendered":"https:\/\/www.adarsus.com\/?page_id=3"},"modified":"2025-11-08T10:51:39","modified_gmt":"2025-11-08T10:51:39","slug":"politica-de-privacidade","status":"publish","type":"page","link":"https:\/\/www.adarsus.com\/pt\/politica-de-privacidad\/","title":{"rendered":"Pol\u00edtica de privacidade"},"content":{"rendered":"<style>.elementor-3 .elementor-element.elementor-element-267738e{--display:flex;--min-height:150px;--flex-direction:row;--container-widget-width:calc( ( 1 - var( --container-widget-flex-grow ) ) * 100% );--container-widget-height:100%;--container-widget-flex-grow:1;--container-widget-align-self:stretch;--flex-wrap-mobile:wrap;--align-items:center;--gap:50px 50px;--row-gap:50px;--column-gap:50px;--padding-top:0px;--padding-bottom:0px;--padding-left:50px;--padding-right:50px;}.elementor-3 .elementor-element.elementor-element-267738e:not(.elementor-motion-effects-element-type-background), .elementor-3 .elementor-element.elementor-element-267738e > .elementor-motion-effects-container > .elementor-motion-effects-layer{background-color:var( --e-global-color-secondary );}.elementor-3 .elementor-element.elementor-element-af3a554{--display:flex;--flex-direction:column;--container-widget-width:100%;--container-widget-height:initial;--container-widget-flex-grow:0;--container-widget-align-self:initial;--flex-wrap-mobile:wrap;}.elementor-3 .elementor-element.elementor-element-e019f8d{text-align:start;}.elementor-3 .elementor-element.elementor-element-e019f8d .elementor-heading-title{font-family:var( --e-global-typography-67ace4e-font-family ), Sans-serif;font-size:var( --e-global-typography-67ace4e-font-size );font-weight:var( --e-global-typography-67ace4e-font-weight );text-transform:var( --e-global-typography-67ace4e-text-transform );line-height:var( --e-global-typography-67ace4e-line-height );letter-spacing:var( --e-global-typography-67ace4e-letter-spacing );word-spacing:var( --e-global-typography-67ace4e-word-spacing );color:var( --e-global-color-primary );}.elementor-3 .elementor-element.elementor-element-cc0215c{--display:flex;--flex-direction:column;--container-widget-width:100%;--container-widget-height:initial;--container-widget-flex-grow:0;--container-widget-align-self:initial;--flex-wrap-mobile:wrap;--padding-top:100px;--padding-bottom:100px;--padding-left:50px;--padding-right:50px;}.elementor-3 .elementor-element.elementor-element-6b01f41{text-align:start;}.elementor-3 .elementor-element.elementor-element-6b01f41 .elementor-heading-title{font-family:var( --e-global-typography-83a0a2f-font-family ), Sans-serif;font-size:var( --e-global-typography-83a0a2f-font-size );font-weight:var( --e-global-typography-83a0a2f-font-weight );text-transform:var( --e-global-typography-83a0a2f-text-transform );line-height:var( --e-global-typography-83a0a2f-line-height );letter-spacing:var( --e-global-typography-83a0a2f-letter-spacing );word-spacing:var( --e-global-typography-83a0a2f-word-spacing );color:var( --e-global-color-text );}.elementor-3 .elementor-element.elementor-element-2b222bc{color:var( --e-global-color-text );}.elementor-3 .elementor-element.elementor-element-2b222bc a{color:var( --e-global-color-secondary );}.elementor-3 .elementor-element.elementor-element-2b222bc a:hover, .elementor-3 .elementor-element.elementor-element-2b222bc a:focus{color:var( --e-global-color-primary );}@media(min-width:768px){.elementor-3 .elementor-element.elementor-element-af3a554{--width:100%;}}@media(max-width:1366px){.elementor-3 .elementor-element.elementor-element-e019f8d .elementor-heading-title{font-size:var( --e-global-typography-67ace4e-font-size );line-height:var( --e-global-typography-67ace4e-line-height );letter-spacing:var( --e-global-typography-67ace4e-letter-spacing );word-spacing:var( --e-global-typography-67ace4e-word-spacing );}.elementor-3 .elementor-element.elementor-element-cc0215c{--padding-top:80px;--padding-bottom:80px;--padding-left:30px;--padding-right:30px;}.elementor-3 .elementor-element.elementor-element-6b01f41 .elementor-heading-title{font-size:var( --e-global-typography-83a0a2f-font-size );line-height:var( --e-global-typography-83a0a2f-line-height );letter-spacing:var( --e-global-typography-83a0a2f-letter-spacing );word-spacing:var( --e-global-typography-83a0a2f-word-spacing );}}@media(max-width:767px){.elementor-3 .elementor-element.elementor-element-e019f8d .elementor-heading-title{font-size:var( --e-global-typography-67ace4e-font-size );line-height:var( --e-global-typography-67ace4e-line-height );letter-spacing:var( --e-global-typography-67ace4e-letter-spacing );word-spacing:var( --e-global-typography-67ace4e-word-spacing );}.elementor-3 .elementor-element.elementor-element-cc0215c{--padding-top:40px;--padding-bottom:40px;--padding-left:20px;--padding-right:20px;}.elementor-3 .elementor-element.elementor-element-6b01f41 .elementor-heading-title{font-size:var( --e-global-typography-83a0a2f-font-size );line-height:var( --e-global-typography-83a0a2f-line-height );letter-spacing:var( --e-global-typography-83a0a2f-letter-spacing );word-spacing:var( --e-global-typography-83a0a2f-word-spacing );}}<\/style>\t\t<div data-elementor-type=\"wp-page\" data-elementor-id=\"3\" class=\"elementor elementor-3\" data-elementor-post-type=\"page\">\n\t\t\t\t<div class=\"elementor-element elementor-element-267738e e-flex e-con-boxed e-con e-parent\" data-id=\"267738e\" data-element_type=\"container\" data-e-type=\"container\" data-settings=\"{&quot;background_background&quot;:&quot;classic&quot;}\">\n\t\t\t\t\t<div class=\"e-con-inner\">\n\t\t<div class=\"elementor-element elementor-element-af3a554 e-con-full e-flex e-con e-child\" data-id=\"af3a554\" data-element_type=\"container\" data-e-type=\"container\">\n\t\t\t\t<div class=\"elementor-element elementor-element-e019f8d elementor-widget elementor-widget-heading\" data-id=\"e019f8d\" data-element_type=\"widget\" data-e-type=\"widget\" data-widget_type=\"heading.default\">\n\t\t\t\t\t<h1 class=\"elementor-heading-title elementor-size-default\">Pol\u00edtica de privacidade<\/h1>\t\t\t\t<\/div>\n\t\t\t\t<\/div>\n\t\t\t\t\t<\/div>\n\t\t\t\t<\/div>\n\t\t<div class=\"elementor-element elementor-element-cc0215c e-flex e-con-boxed e-con e-parent\" data-id=\"cc0215c\" data-element_type=\"container\" data-e-type=\"container\">\n\t\t\t\t\t<div class=\"e-con-inner\">\n\t\t\t\t<div class=\"elementor-element elementor-element-6b01f41 elementor-widget elementor-widget-heading\" data-id=\"6b01f41\" data-element_type=\"widget\" data-e-type=\"widget\" data-widget_type=\"heading.default\">\n\t\t\t\t\t<h2 class=\"elementor-heading-title elementor-size-default\">Prote\u00e7\u00e3o de dados pessoais de acordo com o RGPD.<\/h2>\t\t\t\t<\/div>\n\t\t\t\t<div class=\"elementor-element elementor-element-2b222bc elementor-widget elementor-widget-text-editor\" data-id=\"2b222bc\" data-element_type=\"widget\" data-e-type=\"widget\" data-widget_type=\"text-editor.default\">\n\t\t\t\t\t\t\t\t\t<p><span style=\"font-weight: 400;\">A Metadata Strategy, S.L., em aplica\u00e7\u00e3o da legisla\u00e7\u00e3o vigente sobre prote\u00e7\u00e3o de dados pessoais, informa que os dados pessoais coletados por meio dos formul\u00e1rios do site: <strong><a href=\"https:\/\/www.adarsus.com\/pt\/\">https:\/\/www.adarsus.com\/<\/a><\/strong>, est\u00e3o inclu\u00eddos nos arquivos automatizados espec\u00edficos dos usu\u00e1rios dos servi\u00e7os da Metadata Strategy, S.L.<\/span><\/p><p><span style=\"font-weight: 400;\">A finalidade da coleta e do processamento automatizado de dados pessoais \u00e9 manter o relacionamento comercial e o desempenho das atividades de informa\u00e7\u00e3o, treinamento, consultoria e outras atividades da Metadata Strategy, S.L.<\/span><\/p><p><span style=\"font-weight: 400;\">Esses dados ser\u00e3o transferidos apenas para as entidades necess\u00e1rias para o \u00fanico prop\u00f3sito de cumprir a finalidade mencionada acima.<\/span><\/p><p><span style=\"font-weight: 400;\">A Metadata Strategy, S.L. adota as medidas necess\u00e1rias para garantir a seguran\u00e7a, integridade e confidencialidade dos dados, de acordo com as disposi\u00e7\u00f5es do Regulamento (UE) 2016\/679 do Parlamento Europeu e do Conselho, de 27 de abril de 2016, relativo \u00e0 prote\u00e7\u00e3o das pessoas singulares no que diz respeito ao tratamento de dados pessoais e \u00e0 livre circula\u00e7\u00e3o desses dados, e que revoga a antiga LOPD, a nova Lei Org\u00e2nica 3\/2018, de 5 de dezembro, de Prote\u00e7\u00e3o de Dados e Garantia dos Direitos Digitais (LOPDGDDD).<\/span><\/p><p><span style=\"font-weight: 400;\">O usu\u00e1rio pode, a qualquer momento, exercer os direitos de acesso, oposi\u00e7\u00e3o, retifica\u00e7\u00e3o, cancelamento, limita\u00e7\u00e3o e portabilidade reconhecidos no Regulamento (UE) acima mencionado. Esses direitos podem ser exercidos pelo usu\u00e1rio enviando um e-mail para: sales@adarsus.com ou para o seguinte endere\u00e7o: Avda Secundino Zuazo 95 - Portal 4, 3\u00ba C, C.P. 28055 - Madrid (Madrid).<\/span><\/p><p><span style=\"font-weight: 400;\">O usu\u00e1rio declara que todos os dados por ele fornecidos s\u00e3o verdadeiros e corretos, e se compromete a mant\u00ea-los atualizados, comunicando quaisquer altera\u00e7\u00f5es \u00e0 Metadata Strategy, S.A., S.A., e que \u00e9 respons\u00e1vel pela corre\u00e7\u00e3o e precis\u00e3o das informa\u00e7\u00f5es fornecidas.<\/span><\/p><h3><b>Finalidade do processamento de dados pessoais:<\/b><\/h3><h4><b>Para que fins processaremos seus dados pessoais?<\/b><\/h4><p><span style=\"font-weight: 400;\">A Metadata Strategy, S.L. processar\u00e1 seus dados pessoais coletados por meio do Site: <strong><a href=\"https:\/\/www.adarsus.com\/pt\/\">https:\/\/www.adarsus.com\/<\/a><\/strong>, para as seguintes finalidades:<\/span><\/p><ol><li style=\"font-weight: 400;\" aria-level=\"1\"><span style=\"font-weight: 400;\">Cumprir as obriga\u00e7\u00f5es comerciais, trabalhistas, corporativas e cont\u00e1beis da empresa.<\/span><\/li><li style=\"font-weight: 400;\" aria-level=\"1\"><span style=\"font-weight: 400;\">Envio de informa\u00e7\u00f5es comerciais e boletins informativos sobre novos servi\u00e7os oferecidos no site e no setor.<\/span><\/li><li style=\"font-weight: 400;\" aria-level=\"1\"><span style=\"font-weight: 400;\">O processo de arquivamento, atualiza\u00e7\u00e3o de sistemas, prote\u00e7\u00e3o e cust\u00f3dia de informa\u00e7\u00f5es e bancos de dados da empresa.<\/span><\/li><li style=\"font-weight: 400;\" aria-level=\"1\"><span style=\"font-weight: 400;\">A transmiss\u00e3o de dados a terceiros com os quais foram celebrados contratos para esse fim, para fins comerciais, contratuais, administrativos, de marketing e\/ou operacionais.<\/span><\/li><li style=\"font-weight: 400;\" aria-level=\"1\"><span style=\"font-weight: 400;\">Executar um contrato celebrado remotamente com o usu\u00e1rio.<\/span><\/li><li style=\"font-weight: 400;\" aria-level=\"1\"><span style=\"font-weight: 400;\">Para comprar os produtos oferecidos pelo site.<\/span><\/li><li style=\"font-weight: 400;\" aria-level=\"1\"><span style=\"font-weight: 400;\"><span style=\"font-weight: 400;\">Forne\u00e7a as informa\u00e7\u00f5es solicitadas pelo usu\u00e1rio por meio do formul\u00e1rio de contato.<\/span><\/span><\/li><\/ol><p><span style=\"font-weight: 400;\">Lembramos que voc\u00ea pode se opor ao envio de comunica\u00e7\u00f5es comerciais por qualquer meio e a qualquer momento, enviando um e-mail para o endere\u00e7o acima.<\/span><\/p><p><span style=\"font-weight: 400;\">Os campos desses registros devem ser preenchidos, e \u00e9 imposs\u00edvel realizar as finalidades expressas se esses dados n\u00e3o forem fornecidos.<\/span><\/p><h4><b>Por quanto tempo os dados pessoais coletados ser\u00e3o mantidos?<\/b><\/h4><p><span style=\"font-weight: 400;\">Os dados pessoais fornecidos ser\u00e3o mantidos enquanto a rela\u00e7\u00e3o comercial for mantida ou enquanto voc\u00ea n\u00e3o solicitar sua exclus\u00e3o e pelo per\u00edodo de tempo em que as responsabilidades legais possam surgir dos servi\u00e7os prestados.<\/span><\/p><p><strong>Legitima\u00e7\u00e3o:<\/strong><\/p><p><span style=\"font-weight: 400;\">O processamento de seus dados \u00e9 realizado com base nas seguintes bases legais que o legitimam:<\/span><\/p><ol><li style=\"font-weight: 400;\" aria-level=\"1\"><span style=\"font-weight: 400;\">A solicita\u00e7\u00e3o de informa\u00e7\u00f5es e\/ou a contrata\u00e7\u00e3o dos servi\u00e7os da Metadata Strategy, S.L., cujos termos e condi\u00e7\u00f5es ser\u00e3o disponibilizados a voc\u00ea em qualquer caso, antes de qualquer eventual contrata\u00e7\u00e3o.<\/span><\/li><li style=\"font-weight: 400;\" aria-level=\"1\"><span style=\"font-weight: 400;\"><span style=\"font-weight: 400;\">Consentimento livre, espec\u00edfico, informado e inequ\u00edvoco, na medida em que o informamos por meio da disponibiliza\u00e7\u00e3o desta pol\u00edtica de privacidade, que, depois de lida, se voc\u00ea concordar, poder\u00e1 aceitar por meio de uma declara\u00e7\u00e3o ou de uma a\u00e7\u00e3o afirmativa clara, como marcar uma caixa fornecida para essa finalidade.<\/span><\/span><\/li><\/ol><p><span style=\"font-weight: 400;\">Se voc\u00ea n\u00e3o nos fornecer seus dados, ou se o fizer de forma incorreta ou incompleta, n\u00e3o poderemos atender \u00e0 sua solicita\u00e7\u00e3o, o que nos impossibilitar\u00e1 de fornecer as informa\u00e7\u00f5es solicitadas ou de realizar a contrata\u00e7\u00e3o dos servi\u00e7os.<\/span><\/p><p><strong>Grupo-alvo:<\/strong><\/p><p><span style=\"font-weight: 400;\">Os dados n\u00e3o ser\u00e3o comunicados a nenhum terceiro fora da Metadata Strategy, S.L., a menos que seja legalmente obrigado a faz\u00ea-lo.<\/span><\/p><p><span style=\"font-weight: 400;\">Dados coletados pelos usu\u00e1rios dos servi\u00e7os<\/span><\/p><p><span style=\"font-weight: 400;\">Nos casos em que o usu\u00e1rio incluir arquivos com dados pessoais nos servidores de hospedagem compartilhada, a Metadata Strategy, S.L. n\u00e3o se responsabiliza pelo descumprimento do RGPD por parte do usu\u00e1rio.<\/span><\/p><p><span style=\"font-weight: 400;\">Direitos de propriedade intelectual <strong><a href=\"https:\/\/www.adarsus.com\/pt\/\">https:\/\/www.adarsus.com\/<\/a><\/strong><\/span><\/p><p><span style=\"font-weight: 400;\">A Adarsus Technologies, S.L. \u00e9 a propriet\u00e1ria de todos os direitos autorais, direitos de propriedade intelectual e industrial, know-how e quaisquer outros direitos relacionados ao conte\u00fado do site. <a href=\"https:\/\/www.adarsus.com\/pt\/\">https:\/\/www.adarsus.com\/<\/a> e os servi\u00e7os oferecidos neles, bem como os programas necess\u00e1rios para sua implementa\u00e7\u00e3o e informa\u00e7\u00f5es relacionadas.<\/span><\/p><p><span style=\"font-weight: 400;\">A Metadata Strategy S.L. \u00e9 uma parte da Adarsus Technologies S.L., os sites <strong><a href=\"https:\/\/www.adarsus.com\/pt\/\">https:\/\/www.adarsus.com\/<\/a><\/strong>, https:\/\/www.metaclean.com\/y dos servi\u00e7os oferecidos, bem como dos programas necess\u00e1rios para sua implementa\u00e7\u00e3o e informa\u00e7\u00f5es relacionadas.<\/span><\/p><p><span style=\"font-weight: 400;\">A reprodu\u00e7\u00e3o, publica\u00e7\u00e3o e\/ou qualquer outro uso que n\u00e3o seja estritamente privado do conte\u00fado, no todo ou em parte, do site https:\/\/www.adarsus.com\/ n\u00e3o \u00e9 permitida sem o consentimento pr\u00e9vio por escrito.<\/span><\/p><p><strong>Propriedade intelectual de software<\/strong><\/p><p><span style=\"font-weight: 400;\">O usu\u00e1rio deve respeitar os programas de terceiros disponibilizados pela Metadata Strategy, S.L., mesmo que sejam gratuitos e\/ou estejam dispon\u00edveis publicamente.<\/span><\/p><p><span style=\"font-weight: 400;\">A Metadata Strategy, S.L. possui os direitos de explora\u00e7\u00e3o e propriedade intelectual necess\u00e1rios para o software.<\/span><\/p><p><span style=\"font-weight: 400;\">O usu\u00e1rio n\u00e3o adquire quaisquer direitos ou licen\u00e7as sobre o servi\u00e7o contratado, sobre o software necess\u00e1rio para a presta\u00e7\u00e3o do servi\u00e7o, nem sobre as informa\u00e7\u00f5es t\u00e9cnicas para o monitoramento do servi\u00e7o, com exce\u00e7\u00e3o dos direitos e licen\u00e7as necess\u00e1rios para o cumprimento dos servi\u00e7os contratados e somente durante a vig\u00eancia dos servi\u00e7os contratados.<\/span><\/p><p><span style=\"font-weight: 400;\">Para qualquer a\u00e7\u00e3o que exceda o cumprimento do contrato, o usu\u00e1rio necessitar\u00e1 de autoriza\u00e7\u00e3o por escrito da Metadata Strategy, S.L., ficando proibido de acessar, modificar, visualizar a configura\u00e7\u00e3o, a estrutura e os arquivos dos servidores de propriedade da Metadata Strategy, S.L., assumindo a responsabilidade civil e penal derivada de qualquer incidente que possa ocorrer nos servidores e sistemas de seguran\u00e7a como consequ\u00eancia direta de a\u00e7\u00e3o negligente ou maliciosa de sua parte.<\/span><\/p><p><strong>Propriedade intelectual de conte\u00fado hospedado<\/strong><\/p><p><span style=\"font-weight: 400;\">O uso contr\u00e1rio \u00e0 legisla\u00e7\u00e3o de propriedade intelectual dos servi\u00e7os fornecidos pela Metadata Strategy, S.L. e, em particular, de:<\/span><\/p><ol><li style=\"font-weight: 400;\" aria-level=\"1\"><span style=\"font-weight: 400;\">Uso que seja contr\u00e1rio \u00e0 legisla\u00e7\u00e3o espanhola ou que infrinja os direitos de terceiros.<\/span><\/li><li style=\"font-weight: 400;\" aria-level=\"1\"><span style=\"font-weight: 400;\">A publica\u00e7\u00e3o ou transmiss\u00e3o de qualquer conte\u00fado que, na opini\u00e3o da Metadata Strategy, S.L., seja violento, obsceno, abusivo, ilegal, racial, xen\u00f3fobo ou difamat\u00f3rio.<\/span><\/li><li style=\"font-weight: 400;\" aria-level=\"1\"><span style=\"font-weight: 400;\">Cracks, n\u00fameros de s\u00e9rie de software ou qualquer outro conte\u00fado que infrinja os direitos de propriedade intelectual de terceiros.<\/span><\/li><li style=\"font-weight: 400;\" aria-level=\"1\"><span style=\"font-weight: 400;\">A coleta e\/ou o uso de dados pessoais de outros usu\u00e1rios sem seu consentimento expresso ou em contraven\u00e7\u00e3o \u00e0s disposi\u00e7\u00f5es do Regulamento (UE) 2016\/679 do Parlamento Europeu e do Conselho, de 27 de abril de 2016, relativo \u00e0 prote\u00e7\u00e3o das pessoas f\u00edsicas no que diz respeito ao tratamento de dados pessoais e \u00e0 livre circula\u00e7\u00e3o desses dados.<\/span><\/li><li style=\"font-weight: 400;\" aria-level=\"1\"><span style=\"font-weight: 400;\"><span style=\"font-weight: 400;\">O uso do servidor de correio e dos endere\u00e7os de e-mail do dom\u00ednio para o envio de e-mails em massa n\u00e3o solicitados.<\/span><\/span><\/li><\/ol><p><span style=\"font-weight: 400;\">O usu\u00e1rio assume total responsabilidade pelo conte\u00fado de seu site, pelas informa\u00e7\u00f5es transmitidas e armazenadas, pelos links de hipertexto, pelas reivindica\u00e7\u00f5es de terceiros e pelas a\u00e7\u00f5es legais referentes \u00e0 propriedade intelectual, aos direitos de terceiros e \u00e0 prote\u00e7\u00e3o de menores.<\/span><\/p><p><span style=\"font-weight: 400;\">O usu\u00e1rio \u00e9 respons\u00e1vel pelo cumprimento das leis e regulamentos em vigor e das regras relativas \u00e0 opera\u00e7\u00e3o do servi\u00e7o on-line, com\u00e9rcio eletr\u00f4nico, direitos autorais, manuten\u00e7\u00e3o da ordem p\u00fablica, bem como dos princ\u00edpios universais de uso da Internet.<\/span><\/p><p><span style=\"font-weight: 400;\">O usu\u00e1rio indenizar\u00e1 a Metadata Strategy, S.L. pelas despesas geradas pela imputa\u00e7\u00e3o da Metadata Strategy, S.L. em qualquer causa cuja responsabilidade seja atribu\u00edvel ao usu\u00e1rio, incluindo honor\u00e1rios e despesas de defesa legal, mesmo no caso de uma decis\u00e3o judicial n\u00e3o final.<\/span><\/p><p><strong>Prote\u00e7\u00e3o de informa\u00e7\u00f5es hospedadas<\/strong><\/p><p><span style=\"font-weight: 400;\">A Metadata Strategy, S.L. realiza c\u00f3pias de seguran\u00e7a dos conte\u00fados hospedados em seus servidores, mas n\u00e3o se responsabiliza pela perda ou exclus\u00e3o acidental de dados por parte dos usu\u00e1rios. Da mesma forma, n\u00e3o garante a substitui\u00e7\u00e3o total dos dados exclu\u00eddos pelos usu\u00e1rios, pois os referidos dados podem ter sido exclu\u00eddos e\/ou modificados durante o per\u00edodo de tempo decorrido desde o \u00faltimo backup.<\/span><\/p><p><span style=\"font-weight: 400;\">Os servi\u00e7os oferecidos, com exce\u00e7\u00e3o dos servi\u00e7os espec\u00edficos de backup, n\u00e3o incluem a reposi\u00e7\u00e3o dos conte\u00fados mantidos nas c\u00f3pias de seguran\u00e7a realizadas pela Metadata Strategy, S.L., quando essa perda for atribu\u00edvel ao usu\u00e1rio; nesse caso, ser\u00e1 cobrada uma taxa de acordo com a complexidade e o volume da recupera\u00e7\u00e3o, sempre com a aceita\u00e7\u00e3o pr\u00e9via do usu\u00e1rio.<\/span><\/p><p><span style=\"font-weight: 400;\">A substitui\u00e7\u00e3o dos dados exclu\u00eddos s\u00f3 est\u00e1 inclu\u00edda no pre\u00e7o do servi\u00e7o quando a perda do conte\u00fado se deve a causas atribu\u00edveis \u00e0 Metadata Strategy, S.L..<\/span><\/p><p><strong>Comunica\u00e7\u00f5es comerciais<\/strong><\/p><p><span style=\"font-weight: 400;\">Em aplica\u00e7\u00e3o da LSSI. A Metadata Strategy, S.L. n\u00e3o enviar\u00e1 comunica\u00e7\u00f5es publicit\u00e1rias ou promocionais por e-mail ou qualquer outro meio equivalente de comunica\u00e7\u00e3o eletr\u00f4nica que n\u00e3o tenha sido previamente solicitado ou expressamente autorizado pelos destinat\u00e1rios das mesmas.<\/span><\/p><p><span style=\"font-weight: 400;\">No caso de usu\u00e1rios com os quais exista uma rela\u00e7\u00e3o contratual anterior, a Metadata Strategy, S.L. est\u00e1 autorizada a enviar comunica\u00e7\u00f5es comerciais referentes aos produtos ou servi\u00e7os da Metadata Strategy, S.L. que sejam semelhantes aos que foram inicialmente contratados com o cliente.<\/span><\/p><p><span style=\"font-weight: 400;\">Em qualquer caso, o usu\u00e1rio, ap\u00f3s comprovar sua identidade, pode solicitar que nenhuma outra informa\u00e7\u00e3o comercial seja enviada a ele por meio dos canais de Atendimento ao Cliente.<\/span><\/p>\t\t\t\t\t\t\t\t<\/div>\n\t\t\t\t\t<\/div>\n\t\t\t\t<\/div>\n\t\t\t\t<\/div>","protected":false},"excerpt":{"rendered":"<p>Pol\u00edtica de Privacidad Protecci\u00f3n de datos de car\u00e1cter personal seg\u00fan el RGPD. Metadata Strategy, S.L., en aplicaci\u00f3n de la normativa vigente en materia de\u00a0protecci\u00f3n de datos\u00a0de car\u00e1cter personal, informa que los datos personales que se recogen a trav\u00e9s de los formularios del Sitio web: https:\/\/www.adarsus.com\/, se incluyen en los ficheros automatizados espec\u00edficos de usuarios de [&hellip;]<\/p>\n","protected":false},"author":1,"featured_media":0,"parent":0,"menu_order":0,"comment_status":"closed","ping_status":"closed","template":"","meta":{"footnotes":""},"class_list":["post-3","page","type-page","status-publish","hentry"],"_links":{"self":[{"href":"https:\/\/www.adarsus.com\/pt\/wp-json\/wp\/v2\/pages\/3","targetHints":{"allow":["GET"]}}],"collection":[{"href":"https:\/\/www.adarsus.com\/pt\/wp-json\/wp\/v2\/pages"}],"about":[{"href":"https:\/\/www.adarsus.com\/pt\/wp-json\/wp\/v2\/types\/page"}],"author":[{"embeddable":true,"href":"https:\/\/www.adarsus.com\/pt\/wp-json\/wp\/v2\/users\/1"}],"replies":[{"embeddable":true,"href":"https:\/\/www.adarsus.com\/pt\/wp-json\/wp\/v2\/comments?post=3"}],"version-history":[{"count":28,"href":"https:\/\/www.adarsus.com\/pt\/wp-json\/wp\/v2\/pages\/3\/revisions"}],"predecessor-version":[{"id":7937,"href":"https:\/\/www.adarsus.com\/pt\/wp-json\/wp\/v2\/pages\/3\/revisions\/7937"}],"wp:attachment":[{"href":"https:\/\/www.adarsus.com\/pt\/wp-json\/wp\/v2\/media?parent=3"}],"curies":[{"name":"wp","href":"https:\/\/api.w.org\/{rel}","templated":true}]}}