{"id":8899,"date":"2026-05-12T15:38:55","date_gmt":"2026-05-12T15:38:55","guid":{"rendered":"https:\/\/www.adarsus.com\/?page_id=8899"},"modified":"2026-05-12T15:48:55","modified_gmt":"2026-05-12T15:48:55","slug":"benefits-and-regulations","status":"publish","type":"page","link":"https:\/\/www.adarsus.com\/en\/beneficios-y-normativas\/","title":{"rendered":"Benefits and regulations"},"content":{"rendered":"<div data-elementor-type=\"wp-page\" data-elementor-id=\"8899\" class=\"elementor elementor-8899\" data-elementor-post-type=\"page\">\n\t\t\t\t<div class=\"elementor-element elementor-element-9200a57 e-flex e-con-boxed e-con e-parent\" data-id=\"9200a57\" data-element_type=\"container\" data-e-type=\"container\" data-settings=\"{&quot;background_background&quot;:&quot;classic&quot;}\">\n\t\t\t\t\t<div class=\"e-con-inner\">\n\t\t<div class=\"elementor-element elementor-element-ef19a23 e-con-full e-flex e-con e-child\" data-id=\"ef19a23\" data-element_type=\"container\" data-e-type=\"container\" data-settings=\"{&quot;animation&quot;:&quot;none&quot;}\">\n\t\t\t\t<div class=\"elementor-element elementor-element-a68e5b6 elementor-widget elementor-widget-heading\" data-id=\"a68e5b6\" data-element_type=\"widget\" data-e-type=\"widget\" data-widget_type=\"heading.default\">\n\t\t\t\t\t<span class=\"elementor-heading-title elementor-size-default\">MetaClean <\/span>\t\t\t\t<\/div>\n\t\t\t\t<div class=\"elementor-element elementor-element-5a08173 elementor-widget__width-inherit elementor-widget elementor-widget-heading\" data-id=\"5a08173\" data-element_type=\"widget\" data-e-type=\"widget\" data-widget_type=\"heading.default\">\n\t\t\t\t\t<h1 class=\"elementor-heading-title elementor-size-default\">Benefits and regulations <\/h1>\t\t\t\t<\/div>\n\t\t\t\t<\/div>\n\t\t\t\t\t<\/div>\n\t\t\t\t<\/div>\n\t\t<div class=\"elementor-element elementor-element-66534d0 e-flex e-con-boxed e-con e-parent\" data-id=\"66534d0\" data-element_type=\"container\" data-e-type=\"container\">\n\t\t\t\t\t<div class=\"e-con-inner\">\n\t\t<div class=\"elementor-element elementor-element-901e5a6 e-con-full e-flex e-con e-child\" data-id=\"901e5a6\" data-element_type=\"container\" data-e-type=\"container\">\n\t\t\t\t<div class=\"elementor-element elementor-element-5a3aa2f elementor-position-inline-start elementor-widget__width-inherit elementor-view-default elementor-mobile-position-block-start elementor-invisible elementor-widget elementor-widget-icon-box\" data-id=\"5a3aa2f\" data-element_type=\"widget\" data-e-type=\"widget\" data-settings=\"{&quot;_animation&quot;:&quot;zoomIn&quot;}\" data-widget_type=\"icon-box.default\">\n\t\t\t\t\t\t\t<div class=\"elementor-icon-box-wrapper\">\n\n\t\t\t\t\t\t<div class=\"elementor-icon-box-icon\">\n\t\t\t\t<span  class=\"elementor-icon\">\n\t\t\t\t<svg xmlns=\"http:\/\/www.w3.org\/2000\/svg\" xmlns:xlink=\"http:\/\/www.w3.org\/1999\/xlink\" xmlns:svgjs=\"http:\/\/svgjs.dev\/svgjs\" clip-rule=\"evenodd\" fill-rule=\"evenodd\" height=\"300\" image-rendering=\"optimizeQuality\" shape-rendering=\"geometricPrecision\" text-rendering=\"geometricPrecision\" viewbox=\"0 0 173.397 173.397\" width=\"300\"><g width=\"100%\" height=\"100%\" transform=\"matrix(1,0,0,1,0,0)\"><g id=\"Layer_x0020_1\"><path d=\"m128.182 95.4931c-18.0276 0-32.6891 14.664-32.6891 32.6885.0001 18.0242 14.6615 32.6898 32.6884 32.6898 18.0236-.0002 32.6885-14.6654 32.6885-32.6898.0004-18.0247-14.6651-32.6885-32.6878-32.6885zm0 49.1463c-.935 0-1.694-.7578-1.694-1.693l.0001-4.5885c-1.9891-.7004-3.4185-2.598-3.4185-4.8233.0007-2.8192 2.293-5.1124 5.1117-5.1124 2.8193-.0003 5.1118 2.2934 5.1118 5.1124.0006 2.2253-1.4296 4.1232-3.4184 4.8235l.0004 4.5882c0 .935-.759 1.6934-1.6931 1.6931zm0-12.8306c-.9525 0-1.7258.774-1.7258 1.7258.0002.9511.7726 1.7254 1.7251 1.7254.9492 0 1.7252-.774 1.7252-1.7254.0003-.9519-.7762-1.7255-1.7245-1.7258zm-13.5825-9.3889.0006-7.4342c0-8.026 6.8291-12.225 13.5812-12.225 6.7492 0 13.582 4.1992 13.582 12.2252.0006.9348-.7585 1.693-1.6933 1.693-.9342-.0002-1.6934-.7581-1.6934-1.693.0003-6.0728-5.2846-8.8385-10.1953-8.8385-4.9102-.0001-10.1952 2.7658-10.1952 8.8385l.0002 7.1819 22.0837-.0003c3.2004 0 5.7996 2.6027 5.7996 5.8013l.0003 17.1242c0 3.1984-2.6002 5.8018-5.7999 5.8015h-23.7768c-3.1996 0-5.8036-2.6028-5.8036-5.8015l.0005-17.1244c0-2.6102 1.7332-4.8227 4.1094-5.5487zm1.6937 3.1345c-1.3335 0-2.417 1.083-2.417 2.4144v17.1242c0 1.3311 1.083 2.4144 2.4165 2.4144l23.7773-.0002c1.3303 0 2.413-1.0828 2.413-2.4142v-17.1244c0-1.3315-1.083-2.4139-2.413-2.4139zm33.8133-25.9991.0005-42.8003c0-1.7876-1.4575-3.2417-3.2425-3.2417h-7.2528l.0003 40.4505c3.8218 1.2808 7.3603 3.185 10.4945 5.5915zm-13.8819-6.5438.0003-41.1724-.0003-.0191.0003-.0191.0002-39.2745h-86.6458v21.0324h4.272c2.7908 0 5.228 1.6905 6.2086 4.306l4.5864 12.2616h54.4584c3.6544 0 6.6248 2.9735 6.6248 6.6286l.0006 35.4365c.8104-.0546 1.6272-.085 2.4512-.085 2.7639 0 5.4561.3132 8.0433.905zm-13.8816-.4302.0002-35.8263c0-1.7876-1.4538-3.2417-3.2388-3.2417h-55.6329c-.7056 0-1.3372-.4385-1.5878-1.0999l-4.9987-13.3622c-.4834-1.2986-1.6475-2.1054-3.034-2.1054h-5.9653-32.117c-1.7883 0-3.2419 1.4542-3.2419 3.2417l.0003 90.9375c0 2.3987 1.9504 4.3513 4.3492 4.3513l75.9713-.0004c-.4859-2.3564-.7414-4.7961-.7414-7.2943.0007-17.9046 13.1108-32.802 30.2368-35.6003zm-6.2371-54.6461h-46.4074c-.935 0-1.6941-.758-1.6941-1.6929.0002-.9352.7586-1.6933 1.6935-1.6933h46.408c.935 0 1.6932.7582 1.6932 1.6933.0007.9348-.7585 1.6931-1.6932 1.6929zm-6.6921-11.209h-33.0232c-.935 0-1.6939-.7574-1.6939-1.6927 0-.9354.7585-1.6933 1.6933-1.6933l33.0238-.0001c.935 0 1.6931.7583 1.6931 1.6934.0007.9351-.7584 1.693-1.6931 1.6927z\" fill=\"#45bfe6\" fill-opacity=\"1\" data-original-color=\"#000000ff\" stroke=\"none\" stroke-opacity=\"1\"><\/path><\/g><\/g><\/svg>\t\t\t\t<\/span>\n\t\t\t<\/div>\n\t\t\t\n\t\t\t\t\t\t<div class=\"elementor-icon-box-content\">\n\n\t\t\t\t\t\t\t\t\t<h3 class=\"elementor-icon-box-title\">\n\t\t\t\t\t\t<span  >\n\t\t\t\t\t\t\tPrevent accidental exposure of sensitive information \t\t\t\t\t\t<\/span>\n\t\t\t\t\t<\/h3>\n\t\t\t\t\n\t\t\t\t\t\t\t\t\t<p class=\"elementor-icon-box-description\">\n\t\t\t\t\t\tcontained within metadata (authors, internal paths, dates, revisions, versions, and editing times).\t\t\t\t\t<\/p>\n\t\t\t\t\n\t\t\t<\/div>\n\t\t\t\n\t\t<\/div>\n\t\t\t\t\t\t<\/div>\n\t\t\t\t<div class=\"elementor-element elementor-element-2feaa8c elementor-position-inline-start elementor-widget__width-inherit elementor-view-default elementor-mobile-position-block-start elementor-invisible elementor-widget elementor-widget-icon-box\" data-id=\"2feaa8c\" data-element_type=\"widget\" data-e-type=\"widget\" data-settings=\"{&quot;_animation&quot;:&quot;zoomIn&quot;}\" data-widget_type=\"icon-box.default\">\n\t\t\t\t\t\t\t<div class=\"elementor-icon-box-wrapper\">\n\n\t\t\t\t\t\t<div class=\"elementor-icon-box-icon\">\n\t\t\t\t<span  class=\"elementor-icon\">\n\t\t\t\t<svg xmlns=\"http:\/\/www.w3.org\/2000\/svg\" xmlns:xlink=\"http:\/\/www.w3.org\/1999\/xlink\" width=\"512\" height=\"512\" x=\"0\" y=\"0\" viewbox=\"0 0 510 510\" style=\"enable-background:new 0 0 512 512\" xml:space=\"preserve\" class=\"\">  <g>    <path d=\"M480 0c-16.568 0-30 13.432-30 30v60h60V30c0-16.568-13.432-30-30-30zM140.833 450H39.167C17.535 450 0 467.535 0 489.167V510h180v-20.833C180 467.535 162.465 450 140.833 450zM60 378.478h60V420H60zM59.941 348.478h60.117c30.4-27.016 11.162-78.539-30.059-78.477-41.219-.063-60.458 51.468-30.058 78.477zM345 390c-8.272 0-15 6.728-15 15 .753 19.872 29.25 19.867 30 0 0-8.272-6.728-15-15-15z\" fill=\"#45bfe6\" opacity=\"1\" data-original=\"#000000\"><\/path>    <path d=\"M90 93.83V240c61.175-.488 97.046 71.509 60 119.981v60.644c33.818 4.501 60 33.512 60 68.541V510h210V30a59.608 59.608 0 0 1 8.072-30H183.83C132.092 0 90 42.092 90 93.83zM345 450c-24.814 0-45-20.187-45-45 2.262-59.617 87.747-59.6 90 .001C390 429.813 369.814 450 345 450zM225 330v-30h120v30zm165-60H195v-30h195zm0-60H150v-30h240zm0-60H210v-30h180zm0-60H180V60h210z\" fill=\"#45bfe6\" opacity=\"1\" data-original=\"#000000\"><\/path>  <\/g><\/svg>\t\t\t\t<\/span>\n\t\t\t<\/div>\n\t\t\t\n\t\t\t\t\t\t<div class=\"elementor-icon-box-content\">\n\n\t\t\t\t\t\t\t\t\t<h3 class=\"elementor-icon-box-title\">\n\t\t\t\t\t\t<span  >\n\t\t\t\t\t\t\tProtect the documents before leaving the organisation\t\t\t\t\t\t<\/span>\n\t\t\t\t\t<\/h3>\n\t\t\t\t\n\t\t\t\t\t\t\t\t\t<p class=\"elementor-icon-box-description\">\n\t\t\t\t\t\tsomething critical for the Legal, Financial, Human Resources and Health sectors.\t\t\t\t\t<\/p>\n\t\t\t\t\n\t\t\t<\/div>\n\t\t\t\n\t\t<\/div>\n\t\t\t\t\t\t<\/div>\n\t\t\t\t<div class=\"elementor-element elementor-element-1f1733a elementor-position-inline-start elementor-widget__width-inherit elementor-view-default elementor-mobile-position-block-start elementor-invisible elementor-widget elementor-widget-icon-box\" data-id=\"1f1733a\" data-element_type=\"widget\" data-e-type=\"widget\" data-settings=\"{&quot;_animation&quot;:&quot;zoomIn&quot;}\" data-widget_type=\"icon-box.default\">\n\t\t\t\t\t\t\t<div class=\"elementor-icon-box-wrapper\">\n\n\t\t\t\t\t\t<div class=\"elementor-icon-box-icon\">\n\t\t\t\t<span  class=\"elementor-icon\">\n\t\t\t\t<svg xmlns=\"http:\/\/www.w3.org\/2000\/svg\" xmlns:xlink=\"http:\/\/www.w3.org\/1999\/xlink\" width=\"512\" height=\"512\" x=\"0\" y=\"0\" viewbox=\"0 0 32 32\" style=\"enable-background:new 0 0 512 512\" xml:space=\"preserve\" class=\"\">  <g>    <circle cx=\"12\" cy=\"12\" r=\"3\" fill=\"#45bfe6\" opacity=\"1\" data-original=\"#000000\" class=\"\"><\/circle>    <path d=\"M27 30H11a3 3 0 0 1-3-3h22a3 3 0 0 1-3 3zM9 18a2.99 2.99 0 0 1 1.245-2.422A3.987 3.987 0 0 1 8 12a4 4 0 1 1 8 0c0 1.202-.54 2.267-1.38 3h3.683c.181-.38.34-.774.452-1.189l2.866-.716A.5.5 0 0 0 22 12.61v-1.22a.5.5 0 0 0-.379-.485l-2.866-.716a6.95 6.95 0 0 0-.697-1.686l1.52-2.532a.5.5 0 0 0-.076-.611l-.862-.862a.5.5 0 0 0-.61-.075l-2.533 1.52a6.95 6.95 0 0 0-1.686-.698l-.716-2.866A.5.5 0 0 0 12.61 2h-1.22a.5.5 0 0 0-.485.379l-.716 2.866a6.95 6.95 0 0 0-1.686.697l-2.532-1.52a.5.5 0 0 0-.611.076l-.862.862a.5.5 0 0 0-.075.61l1.52 2.533a6.95 6.95 0 0 0-.698 1.686l-2.866.716A.5.5 0 0 0 2 11.39v1.22a.5.5 0 0 0 .379.485l2.866.716a6.95 6.95 0 0 0 .697 1.686l-1.52 2.532a.5.5 0 0 0 .076.611l.862.862a.5.5 0 0 0 .61.075l2.533-1.52c.16.093.33.167.497.246zM21.991 20.003 19 19.026l-2.991.977a7.643 7.643 0 0 0 2.315 5.136l.676.66.676-.66a7.643 7.643 0 0 0 2.315-5.136z\" fill=\"#45bfe6\" opacity=\"1\" data-original=\"#000000\" class=\"\"><\/path>    <path d=\"M26 16H12a2 2 0 0 0-2 2v8h7.775l-.15-.146A8.638 8.638 0 0 1 15 19.643a.5.5 0 0 1 .345-.476l3.5-1.143a.497.497 0 0 1 .31 0l3.5 1.143a.5.5 0 0 1 .345.476 8.638 8.638 0 0 1-2.625 6.21l-.15.147H28v-8a2 2 0 0 0-2-2z\" fill=\"#45bfe6\" opacity=\"1\" data-original=\"#000000\" class=\"\"><\/path>  <\/g><\/svg>\t\t\t\t<\/span>\n\t\t\t<\/div>\n\t\t\t\n\t\t\t\t\t\t<div class=\"elementor-icon-box-content\">\n\n\t\t\t\t\t\t\t\t\t<h3 class=\"elementor-icon-box-title\">\n\t\t\t\t\t\t<span  >\n\t\t\t\t\t\t\tStrengthen corporate cybersecurity and privacy\t\t\t\t\t\t<\/span>\n\t\t\t\t\t<\/h3>\n\t\t\t\t\n\t\t\t\t\t\t\t\t\t<p class=\"elementor-icon-box-description\">\n\t\t\t\t\t\teliminating metadata that could compromise internal processes or generate legal risks.\t\t\t\t\t<\/p>\n\t\t\t\t\n\t\t\t<\/div>\n\t\t\t\n\t\t<\/div>\n\t\t\t\t\t\t<\/div>\n\t\t\t\t<div class=\"elementor-element elementor-element-5bcba7a animated-slow elementor-invisible elementor-widget elementor-widget-image\" data-id=\"5bcba7a\" data-element_type=\"widget\" data-e-type=\"widget\" data-settings=\"{&quot;_animation&quot;:&quot;fadeIn&quot;,&quot;_animation_delay&quot;:400}\" data-widget_type=\"image.default\">\n\t\t\t\t\t\t\t\t\t\t\t\t\t\t\t<img loading=\"lazy\" decoding=\"async\" width=\"607\" height=\"214\" src=\"https:\/\/www.adarsus.com\/wp-content\/uploads\/2026\/04\/sellos-proteccion-datos.png\" class=\"attachment-large size-large wp-image-8621\" alt=\"\" srcset=\"https:\/\/www.adarsus.com\/wp-content\/uploads\/2026\/04\/sellos-proteccion-datos.png 607w, https:\/\/www.adarsus.com\/wp-content\/uploads\/2026\/04\/sellos-proteccion-datos-300x106.png 300w, https:\/\/www.adarsus.com\/wp-content\/uploads\/2026\/04\/sellos-proteccion-datos-18x6.png 18w, https:\/\/www.adarsus.com\/wp-content\/uploads\/2026\/04\/sellos-proteccion-datos-600x212.png 600w\" sizes=\"auto, (max-width: 607px) 100vw, 607px\" \/>\t\t\t\t\t\t\t\t\t\t\t\t\t\t\t<\/div>\n\t\t\t\t<div class=\"elementor-element elementor-element-59fbc83 elementor-position-inline-start elementor-widget__width-inherit elementor-view-default elementor-mobile-position-block-start elementor-invisible elementor-widget elementor-widget-icon-box\" data-id=\"59fbc83\" data-element_type=\"widget\" data-e-type=\"widget\" data-settings=\"{&quot;_animation&quot;:&quot;zoomIn&quot;}\" data-widget_type=\"icon-box.default\">\n\t\t\t\t\t\t\t<div class=\"elementor-icon-box-wrapper\">\n\n\t\t\t\t\t\t<div class=\"elementor-icon-box-icon\">\n\t\t\t\t<span  class=\"elementor-icon\">\n\t\t\t\t<svg xmlns=\"http:\/\/www.w3.org\/2000\/svg\" xmlns:xlink=\"http:\/\/www.w3.org\/1999\/xlink\" width=\"512\" height=\"512\" x=\"0\" y=\"0\" viewbox=\"0 0 512 512\" style=\"enable-background:new 0 0 512 512\" xml:space=\"preserve\" class=\"\">  <g>    <path d=\"M480.415 135c0-24.814-20.186-45-45-45h-45v150h30v-57.437c17.461 6.196 30 22.881 30 42.437v15h30v-15c0-20.204-8.117-38.491-21.154-51.991 12.66-7.971 21.154-21.974 21.154-38.009zm-60-15h15c8.276 0 15 6.724 15 15s-6.724 15-15 15h-15zM270.415 90v150h30v-60h15c24.814 0 45-20.186 45-45s-20.186-45-45-45zm60 45c0 8.276-6.724 15-15 15h-15v-30h15c8.276 0 15 6.724 15 15zM150.415 90v150h45c24.814 0 45-20.186 45-45v-60c0-24.814-20.186-45-45-45zm60 45v60c0 8.276-6.724 15-15 15h-15v-90h15c8.276 0 15 6.724 15 15zM60.415 120h15c4.014 0 7.778 1.553 10.591 4.38l21.24-21.182C98.765 94.688 87.456 90 75.415 90h-15c-24.814 0-45 20.186-45 45v60c0 24.814 20.186 45 45 45h15c24.814 0 45-20.186 45-45v-45h-45v30h15v15c0 8.276-6.724 15-15 15h-15c-8.276 0-15-6.724-15-15v-60c0-8.276 6.724-15 15-15zM405.415 0h-330c-24.814 0-45 20.186-45 45v15h30V45c0-8.276 6.724-15 15-15h330c8.276 0 15 6.724 15 15v15h30V45c0-24.814-20.186-45-45-45zM141.096 477.358h227.137l134.976-135.004c11.722-11.722 11.722-30.727 0-42.449s-30.727-11.724-42.449 0L357.936 402.768l-.103-.104c-3.019 2.06-11.724 14.696-33.001 14.692H183.825v-29.998h149.998c16.571 0 30.002-13.434 30.002-30.002s-13.433-29.998-30-29.998h-100.4c-10.562-6.724-38.95-22.209-76.597-22.209-4.585.002-9.172.322-13.843.676-31.04 3.208-60.527 17.988-85.27 42.729L0 406.269 106.1 512z\" fill=\"#45bfe6\" opacity=\"1\" data-original=\"#000000\"><\/path>  <\/g><\/svg>\t\t\t\t<\/span>\n\t\t\t<\/div>\n\t\t\t\n\t\t\t\t\t\t<div class=\"elementor-icon-box-content\">\n\n\t\t\t\t\t\t\t\t\t<h3 class=\"elementor-icon-box-title\">\n\t\t\t\t\t\t<span  >\n\t\t\t\t\t\t\tConforms to the main data protection regulations\t\t\t\t\t\t<\/span>\n\t\t\t\t\t<\/h3>\n\t\t\t\t\n\t\t\t\t\t\t\t\t\t<p class=\"elementor-icon-box-description\">\n\t\t\t\t\t\tincluding: \n<br>\u2022 GDPR (European Union)\n<br>\u2022 ENS \/ National Security Scheme (Spain)\n<br>\u2022 ISO 27001\n<br>\u2022 Mexico \u2013 Federal Act on the Protection of Personal Data Held by Private Parties (LFPDPPP)\n<br>\u2022 Peru \u2013 Law No. 29733 on the Protection of Personal Data\n<br>\u2022 Chile \u2013 Law No. 19,628 on the Protection of Private Life\n<br>\u2022 Other European regulations on information security and privacy applicable to document processing and metadata\n\t\t\t\t\t<\/p>\n\t\t\t\t\n\t\t\t<\/div>\n\t\t\t\n\t\t<\/div>\n\t\t\t\t\t\t<\/div>\n\t\t\t\t<div class=\"elementor-element elementor-element-a0eb0b3 elementor-position-inline-start elementor-widget__width-inherit elementor-view-default elementor-mobile-position-block-start elementor-invisible elementor-widget elementor-widget-icon-box\" data-id=\"a0eb0b3\" data-element_type=\"widget\" data-e-type=\"widget\" data-settings=\"{&quot;_animation&quot;:&quot;zoomIn&quot;}\" data-widget_type=\"icon-box.default\">\n\t\t\t\t\t\t\t<div class=\"elementor-icon-box-wrapper\">\n\n\t\t\t\t\t\t<div class=\"elementor-icon-box-icon\">\n\t\t\t\t<span  class=\"elementor-icon\">\n\t\t\t\t<svg xmlns=\"http:\/\/www.w3.org\/2000\/svg\" xmlns:xlink=\"http:\/\/www.w3.org\/1999\/xlink\" width=\"512\" height=\"512\" x=\"0\" y=\"0\" viewbox=\"0 0 32 32\" style=\"enable-background:new 0 0 512 512\" xml:space=\"preserve\" class=\"\">  <g>    <path d=\"M29 11V3H3v8zm-4.998-5.09a1.046 1.046 0 0 1 0 2.09 1.046 1.046 0 0 1 0-2.09zm-3.997 0a1.046 1.046 0 0 1 0 2.09 1.046 1.046 0 0 1 0-2.09zm-4 0a1.046 1.046 0 0 1 0 2.09 1.046 1.046 0 0 1 0-2.09zM3 13v16h26V13zm5.97 11.444L7.554 23.03l3.03-3.03-3.03-3.03 1.414-1.414L13.413 20zM17 24h-2v-8h2zm7.446-.97-1.414 1.414L18.588 20l4.444-4.444 1.414 1.414-3.03 3.03z\" fill=\"#45bfe6\" opacity=\"1\" data-original=\"#000000\" class=\"\"><\/path>  <\/g><\/svg>\t\t\t\t<\/span>\n\t\t\t<\/div>\n\t\t\t\n\t\t\t\t\t\t<div class=\"elementor-icon-box-content\">\n\n\t\t\t\t\t\t\t\t\t<h3 class=\"elementor-icon-box-title\">\n\t\t\t\t\t\t<span  >\n\t\t\t\t\t\t\tAutomate metadata processing\t\t\t\t\t\t<\/span>\n\t\t\t\t\t<\/h3>\n\t\t\t\t\n\t\t\t\t\t\t\t\t\t<p class=\"elementor-icon-box-description\">\n\t\t\t\t\t\twithout depending on user intervention, guaranteeing consistency and reliability.\n\t\t\t\t\t<\/p>\n\t\t\t\t\n\t\t\t<\/div>\n\t\t\t\n\t\t<\/div>\n\t\t\t\t\t\t<\/div>\n\t\t\t\t<div class=\"elementor-element elementor-element-8216d78 elementor-position-inline-start elementor-widget__width-inherit elementor-view-default elementor-mobile-position-block-start elementor-invisible elementor-widget elementor-widget-icon-box\" data-id=\"8216d78\" data-element_type=\"widget\" data-e-type=\"widget\" data-settings=\"{&quot;_animation&quot;:&quot;zoomIn&quot;}\" data-widget_type=\"icon-box.default\">\n\t\t\t\t\t\t\t<div class=\"elementor-icon-box-wrapper\">\n\n\t\t\t\t\t\t<div class=\"elementor-icon-box-icon\">\n\t\t\t\t<span  class=\"elementor-icon\">\n\t\t\t\t<svg xmlns=\"http:\/\/www.w3.org\/2000\/svg\" xmlns:xlink=\"http:\/\/www.w3.org\/1999\/xlink\" width=\"512\" height=\"512\" x=\"0\" y=\"0\" viewbox=\"0 0 512 512\" style=\"enable-background:new 0 0 512 512\" xml:space=\"preserve\" class=\"\">  <g>    <path fill-rule=\"evenodd\" d=\"M254.405 150.083h163.869c15.626 0 28.41 12.784 28.41 28.409V189.2h-171.7zm8.707-68.724a7.981 7.981 0 0 1-8-13.812l31.676-18.289a7.981 7.981 0 0 1 8 13.812zm-23.58-27.415 9.467-35.33a7.99 7.99 0 0 0-15.437-4.125l-9.467 35.33a7.99 7.99 0 1 0 15.437 4.125zm20.861 63.492a7.99 7.99 0 0 1 4.125-15.437l35.33 9.466a7.99 7.99 0 1 1-4.125 15.437zm-55.351.334c10.163 0 18.477 8.314 18.477 18.477v97.849c0 10.162-8.315 18.477-18.477 18.477H81.607c-10.162 0-18.476-8.315-18.476-18.477v-97.849c0-10.162 8.314-18.477 18.476-18.477h6.387v-53c0-30.457 24.874-55.33 55.332-55.33 30.457 0 55.33 24.873 55.33 55.33v21.905H165.25V62.658c0-10.86-9.906-19.812-21.925-19.812-12.018 0-21.925 8.952-21.925 19.812v55.112zm-61.717 30.41c-13.9 0-25.169 11.269-25.169 25.169 0 9.045 4.773 16.975 11.936 21.412v14.17c0 7.277 5.955 13.232 13.232 13.232 7.278 0 13.233-5.954 13.233-13.232v-14.17c7.164-4.437 11.937-12.367 11.937-21.412-.001-13.9-11.269-25.169-25.169-25.169zm42.899 160.008c53.917 0 97.626 43.709 97.626 97.626s-43.709 97.626-97.626 97.626-97.626-43.709-97.626-97.626 43.709-97.626 97.626-97.626zm-.091 46.451c-5.142 26.011-30.427 48.629-29.315 72.943.73 15.956 13.046 29.409 29.409 29.409 16.175 0 28.711-13.249 29.409-29.409 1.049-24.315-25.848-46.775-29.503-72.943zm53.386-198.487v77.944c0 18.993-15.484 34.477-34.477 34.477H81.607c-18.993 0-34.476-15.484-34.476-34.477v-97.849c0-.83.031-1.652.09-2.467-10.222 5.123-17.234 15.343-17.234 27.049v208.676c0 16.8 14.443 30.545 32.096 30.545h10.662c3.002-60.076 52.66-107.861 113.481-107.861s110.479 47.786 113.481 107.861h18.416v57.8c0 9.939 8.132 18.072 18.072 18.072s18.072-8.132 18.072-18.072v-57.8h27.731v17.665c0 9.939 8.132 18.071 18.072 18.071s18.072-8.132 18.072-18.071V400.05h27.731v37.733c0 9.939 8.132 18.072 18.072 18.072s18.072-8.132 18.072-18.072V235.745c0-16.796-14.443-30.545-32.095-30.545h-184.6z\" clip-rule=\"evenodd\" fill=\"#45bfe6\" opacity=\"1\" data-original=\"#000000\" class=\"\"><\/path>  <\/g><\/svg>\t\t\t\t<\/span>\n\t\t\t<\/div>\n\t\t\t\n\t\t\t\t\t\t<div class=\"elementor-icon-box-content\">\n\n\t\t\t\t\t\t\t\t\t<h3 class=\"elementor-icon-box-title\">\n\t\t\t\t\t\t<span  >\n\t\t\t\t\t\t\tReduce human errors \t\t\t\t\t\t<\/span>\n\t\t\t\t\t<\/h3>\n\t\t\t\t\n\t\t\t\t\t\t\t\t\t<p class=\"elementor-icon-box-description\">\n\t\t\t\t\t\tand avoids unintentional information leaks.\n\t\t\t\t\t<\/p>\n\t\t\t\t\n\t\t\t<\/div>\n\t\t\t\n\t\t<\/div>\n\t\t\t\t\t\t<\/div>\n\t\t\t\t<div class=\"elementor-element elementor-element-b4f11c4 elementor-position-inline-start elementor-widget__width-inherit elementor-view-default elementor-mobile-position-block-start elementor-invisible elementor-widget elementor-widget-icon-box\" data-id=\"b4f11c4\" data-element_type=\"widget\" data-e-type=\"widget\" data-settings=\"{&quot;_animation&quot;:&quot;zoomIn&quot;}\" data-widget_type=\"icon-box.default\">\n\t\t\t\t\t\t\t<div class=\"elementor-icon-box-wrapper\">\n\n\t\t\t\t\t\t<div class=\"elementor-icon-box-icon\">\n\t\t\t\t<span  class=\"elementor-icon\">\n\t\t\t\t<svg xmlns=\"http:\/\/www.w3.org\/2000\/svg\" xmlns:xlink=\"http:\/\/www.w3.org\/1999\/xlink\" width=\"512\" height=\"512\" x=\"0\" y=\"0\" viewbox=\"0 0 512 512\" style=\"enable-background:new 0 0 512 512\" xml:space=\"preserve\" fill-rule=\"evenodd\" class=\"\">  <g>    <path d=\"M118.8 511.99c-7.99 0-15.48-4.15-21.09-11.71-5.02-6.75-7.9-15.58-7.9-24.22V304c0-17.36 11.65-35.94 28.99-35.94 1.36 0 2.73.13 4.08.37l69.47 12.6c15.33 2.78 25.63 14.65 25.63 29.52V469.5c0 14.88-10.3 26.75-25.63 29.53l-69.47 12.59c-1.35.25-2.72.37-4.07.37h-.01zM226.27 293.15c15.1-20.76 30.53-48.55 30.65-62.13.31-34.95 8.18-55.17 22.16-56.94 13.5-1.72 26.35 15.15 34.38 45.12.47 1.81 7.12 35.42-8.81 74.19h89.99c28.51 0 37.4 37.83 13.67 51.45 12.11 13 8.92 34.98-6.64 43.56 11.06 13.63 7.28 36.95-8.71 44.29 12.79 18.53 2.08 45.17-21.7 45.06l-142.11.23c.54-2.72.83-5.55.83-8.48V310.55c0-6.28-1.32-12.15-3.71-17.4zM256 150.7c-14.06 0-25.5-11.44-25.5-25.5V69.47c-1.27.25-2.58.37-3.91.37-5.42 0-10.49-2.1-14.31-5.9-7.88-7.89-7.88-20.73 0-28.61l29.34-29.34.08-.08c3.81-3.81 8.89-5.9 14.3-5.9s10.49 2.09 14.31 5.9l29.41 29.42c3.81 3.81 5.91 8.89 5.91 14.3 0 5.42-2.1 10.5-5.91 14.31s-8.89 5.9-14.31 5.9c-1.33 0-2.64-.12-3.91-.37v55.73c0 14.06-11.44 25.5-25.5 25.5zM366.8 216.71c-14.06 0-25.5-11.44-25.5-25.5v-55.73c-1.27.25-2.58.37-3.91.37-5.42 0-10.5-2.09-14.31-5.9s-5.9-8.89-5.9-14.31c0-5.41 2.09-10.49 5.9-14.3l29.37-29.37c3.86-3.86 8.94-5.95 14.35-5.95s10.49 2.09 14.31 5.9l29.41 29.42c3.81 3.81 5.9 8.89 5.9 14.3 0 5.42-2.09 10.5-5.9 14.31s-8.89 5.9-14.31 5.9c-1.32 0-2.63-.12-3.91-.37v55.73c0 14.06-11.44 25.5-25.5 25.5zM145.2 216.71c-14.06 0-25.5-11.44-25.5-25.5v-55.73c-1.27.25-2.58.37-3.91.37-5.42 0-10.5-2.09-14.31-5.9-7.88-7.89-7.88-20.73 0-28.61l29.37-29.37c3.86-3.86 8.94-5.95 14.35-5.95 5.42 0 10.5 2.09 14.31 5.9l29.41 29.42c7.89 7.88 7.89 20.72 0 28.61-3.81 3.81-8.89 5.9-14.31 5.9-1.32 0-2.63-.12-3.91-.37v55.73c0 14.06-11.44 25.5-25.5 25.5z\" fill=\"#45bfe6\" opacity=\"1\" data-original=\"#000000\" class=\"\"><\/path>  <\/g><\/svg>\t\t\t\t<\/span>\n\t\t\t<\/div>\n\t\t\t\n\t\t\t\t\t\t<div class=\"elementor-icon-box-content\">\n\n\t\t\t\t\t\t\t\t\t<h3 class=\"elementor-icon-box-title\">\n\t\t\t\t\t\t<span  >\n\t\t\t\t\t\t\tIncrease the confidence of teams, clients, and auditors\t\t\t\t\t\t<\/span>\n\t\t\t\t\t<\/h3>\n\t\t\t\t\n\t\t\t\t\t\t\t\t\t<p class=\"elementor-icon-box-description\">\n\t\t\t\t\t\tespecially in regulated organisations or those that manage sensitive information.\t\t\t\t\t<\/p>\n\t\t\t\t\n\t\t\t<\/div>\n\t\t\t\n\t\t<\/div>\n\t\t\t\t\t\t<\/div>\n\t\t\t\t<\/div>\n\t\t\t\t\t<\/div>\n\t\t\t\t<\/div>\n\t\t\t\t<\/div>","protected":false},"excerpt":{"rendered":"<p>MetaClean Beneficios y normativas Evita la exposici\u00f3n accidental de informaci\u00f3n sensible contenida en metadatos (autores, rutas internas, fechas, revisiones, versiones y tiempos de edici\u00f3n). Protege los documentos antes de salir de la organizaci\u00f3n algo cr\u00edtico para sectores Legal, Financiero, Recursos Humanos y Salud. Refuerza la ciberseguridad y la privacidad corporativa eliminando metadatos que podr\u00edan comprometer [&hellip;]<\/p>\n","protected":false},"author":2,"featured_media":0,"parent":0,"menu_order":0,"comment_status":"closed","ping_status":"closed","template":"","meta":{"footnotes":""},"class_list":["post-8899","page","type-page","status-publish","hentry"],"_links":{"self":[{"href":"https:\/\/www.adarsus.com\/en\/wp-json\/wp\/v2\/pages\/8899","targetHints":{"allow":["GET"]}}],"collection":[{"href":"https:\/\/www.adarsus.com\/en\/wp-json\/wp\/v2\/pages"}],"about":[{"href":"https:\/\/www.adarsus.com\/en\/wp-json\/wp\/v2\/types\/page"}],"author":[{"embeddable":true,"href":"https:\/\/www.adarsus.com\/en\/wp-json\/wp\/v2\/users\/2"}],"replies":[{"embeddable":true,"href":"https:\/\/www.adarsus.com\/en\/wp-json\/wp\/v2\/comments?post=8899"}],"version-history":[{"count":10,"href":"https:\/\/www.adarsus.com\/en\/wp-json\/wp\/v2\/pages\/8899\/revisions"}],"predecessor-version":[{"id":8919,"href":"https:\/\/www.adarsus.com\/en\/wp-json\/wp\/v2\/pages\/8899\/revisions\/8919"}],"wp:attachment":[{"href":"https:\/\/www.adarsus.com\/en\/wp-json\/wp\/v2\/media?parent=8899"}],"curies":[{"name":"wp","href":"https:\/\/api.w.org\/{rel}","templated":true}]}}