{"id":6518,"date":"2025-10-27T15:18:09","date_gmt":"2025-10-27T15:18:09","guid":{"rendered":"https:\/\/www.adarsus.com\/?page_id=6518"},"modified":"2025-11-08T07:56:06","modified_gmt":"2025-11-08T07:56:06","slug":"forget-me-not-solutions","status":"publish","type":"page","link":"https:\/\/www.adarsus.com\/en\/soluciones-metaolvido\/","title":{"rendered":"MetaOlvido Solutions"},"content":{"rendered":"<div data-elementor-type=\"wp-page\" data-elementor-id=\"6518\" class=\"elementor elementor-6518\" data-elementor-post-type=\"page\">\n\t\t\t\t<div class=\"elementor-element elementor-element-d8da048 e-flex e-con-boxed e-con e-parent\" data-id=\"d8da048\" data-element_type=\"container\" data-e-type=\"container\" data-settings=\"{&quot;background_background&quot;:&quot;classic&quot;}\">\n\t\t\t\t\t<div class=\"e-con-inner\">\n\t\t<div class=\"elementor-element elementor-element-1dcee2b e-con-full e-flex e-con e-child\" data-id=\"1dcee2b\" data-element_type=\"container\" data-e-type=\"container\">\n\t\t\t\t<div class=\"elementor-element elementor-element-e987345 elementor-widget elementor-widget-heading\" data-id=\"e987345\" data-element_type=\"widget\" data-e-type=\"widget\" data-widget_type=\"heading.default\">\n\t\t\t\t\t<h1 class=\"elementor-heading-title elementor-size-default\">MetaOlvido Solutions<\/h1>\t\t\t\t<\/div>\n\t\t\t\t<\/div>\n\t\t\t\t\t<\/div>\n\t\t\t\t<\/div>\n\t\t<div class=\"elementor-element elementor-element-c68406f e-flex e-con-boxed e-con e-child\" data-id=\"c68406f\" data-element_type=\"container\" data-e-type=\"container\">\n\t\t\t\t\t<div class=\"e-con-inner\">\n\t\t<div class=\"elementor-element elementor-element-c00cdb2 e-con-full e-flex e-con e-child\" data-id=\"c00cdb2\" data-element_type=\"container\" data-e-type=\"container\">\n\t\t<div class=\"elementor-element elementor-element-fbbed8e e-con-full e-flex e-con e-child\" data-id=\"fbbed8e\" data-element_type=\"container\" data-e-type=\"container\">\n\t\t\t\t<div class=\"elementor-element elementor-element-a8c6e3a elementor-widget__width-initial elementor-widget elementor-widget-text-editor\" data-id=\"a8c6e3a\" data-element_type=\"widget\" data-e-type=\"widget\" data-widget_type=\"text-editor.default\">\n\t\t\t\t\t\t\t\t\t<p><b>MetaOlvido<\/b><span style=\"font-weight: 400;\"> is a tool of the <\/span><b>National Cryptologic Centre (CCN)<\/b><span style=\"font-weight: 400;\"> designed for the <\/span><b>automatic removal of metadata from documents and files<\/b><span style=\"font-weight: 400;\">, avoiding the exposure of sensitive information. Compatible with more than 150 formats, it integrates into corporate environments (mail, servers, endpoints) and complies with the <\/span><b>National Security Scheme (ENS)<\/b><span style=\"font-weight: 400;\"> and the <\/span><b>GDPR<\/b><\/p>\t\t\t\t\t\t\t\t<\/div>\n\t\t\t\t<\/div>\n\t\t<div class=\"elementor-element elementor-element-dba640f e-con-full e-flex e-con e-child\" data-id=\"dba640f\" data-element_type=\"container\" data-e-type=\"container\">\n\t\t\t\t<div class=\"elementor-element elementor-element-7d1c303 elementor-widget elementor-widget-image\" data-id=\"7d1c303\" data-element_type=\"widget\" data-e-type=\"widget\" data-widget_type=\"image.default\">\n\t\t\t\t\t\t\t\t\t\t\t\t\t\t\t<img loading=\"lazy\" decoding=\"async\" width=\"800\" height=\"353\" src=\"https:\/\/www.adarsus.com\/wp-content\/uploads\/2025\/09\/metaOLVIDO@5x-1-scaled-e1758524374348-1024x452.png\" class=\"attachment-large size-large wp-image-5876\" alt=\"metaOLVIDO@5x 1 scaled e1758524374348\" srcset=\"https:\/\/www.adarsus.com\/wp-content\/uploads\/2025\/09\/metaOLVIDO@5x-1-scaled-e1758524374348-1024x452.png 1024w, https:\/\/www.adarsus.com\/wp-content\/uploads\/2025\/09\/metaOLVIDO@5x-1-scaled-e1758524374348-300x132.png 300w, https:\/\/www.adarsus.com\/wp-content\/uploads\/2025\/09\/metaOLVIDO@5x-1-scaled-e1758524374348-768x339.png 768w, https:\/\/www.adarsus.com\/wp-content\/uploads\/2025\/09\/metaOLVIDO@5x-1-scaled-e1758524374348-1536x677.png 1536w, https:\/\/www.adarsus.com\/wp-content\/uploads\/2025\/09\/metaOLVIDO@5x-1-scaled-e1758524374348-18x8.png 18w, https:\/\/www.adarsus.com\/wp-content\/uploads\/2025\/09\/metaOLVIDO@5x-1-scaled-e1758524374348-600x265.png 600w, https:\/\/www.adarsus.com\/wp-content\/uploads\/2025\/09\/metaOLVIDO@5x-1-scaled-e1758524374348.png 1984w\" sizes=\"auto, (max-width: 800px) 100vw, 800px\" \/>\t\t\t\t\t\t\t\t\t\t\t\t\t\t\t<\/div>\n\t\t\t\t<\/div>\n\t\t\t\t<\/div>\n\t\t<div class=\"elementor-element elementor-element-bf542f0 e-con-full e-flex e-con e-child\" data-id=\"bf542f0\" data-element_type=\"container\" data-e-type=\"container\">\n\t\t\t\t<div class=\"elementor-element elementor-element-5774128 elementor-widget elementor-widget-button\" data-id=\"5774128\" data-element_type=\"widget\" data-e-type=\"widget\" data-widget_type=\"button.default\">\n\t\t\t\t\t\t\t\t\t\t<a class=\"elementor-button elementor-button-link elementor-size-sm elementor-animation-shrink\" href=\"https:\/\/outlook.office.com\/book\/MetaCleanApproachbyAdarsus@adarsus.onmicrosoft.com\/?ismsaljsauthenabled\" target=\"_blank\" rel=\"noopener\">\n\t\t\t\t\t\t<span class=\"elementor-button-content-wrapper\">\n\t\t\t\t\t\t\t\t\t<span class=\"elementor-button-text\">Request a demo<\/span>\n\t\t\t\t\t<\/span>\n\t\t\t\t\t<\/a>\n\t\t\t\t\t\t\t\t<\/div>\n\t\t\t\t<div class=\"elementor-element elementor-element-b6df34b elementor-widget elementor-widget-button\" data-id=\"b6df34b\" data-element_type=\"widget\" data-e-type=\"widget\" data-widget_type=\"button.default\">\n\t\t\t\t\t\t\t\t\t\t<a class=\"elementor-button elementor-button-link elementor-size-sm elementor-animation-shrink\" href=\"https:\/\/www.ccn.cni.es\/index.php\/es\/soluciones-ccn\/metaolvido\" target=\"_blank\" rel=\"noopener\">\n\t\t\t\t\t\t<span class=\"elementor-button-content-wrapper\">\n\t\t\t\t\t\t\t\t\t<span class=\"elementor-button-text\">View MetaOlvido on CCN<\/span>\n\t\t\t\t\t<\/span>\n\t\t\t\t\t<\/a>\n\t\t\t\t\t\t\t\t<\/div>\n\t\t\t\t<\/div>\n\t\t\t\t<div class=\"elementor-element elementor-element-b3f87e5 elementor-widget elementor-widget-image\" data-id=\"b3f87e5\" data-element_type=\"widget\" data-e-type=\"widget\" data-widget_type=\"image.default\">\n\t\t\t\t\t\t\t\t\t\t\t\t\t\t\t<img loading=\"lazy\" decoding=\"async\" width=\"728\" height=\"1024\" src=\"https:\/\/www.adarsus.com\/wp-content\/uploads\/2025\/10\/Infografias_web_metaOlvido-728x1024.jpg\" class=\"attachment-large size-large wp-image-6521\" alt=\"Infographics web metaOlvido\" srcset=\"https:\/\/www.adarsus.com\/wp-content\/uploads\/2025\/10\/Infografias_web_metaOlvido-728x1024.jpg 728w, https:\/\/www.adarsus.com\/wp-content\/uploads\/2025\/10\/Infografias_web_metaOlvido-213x300.jpg 213w, https:\/\/www.adarsus.com\/wp-content\/uploads\/2025\/10\/Infografias_web_metaOlvido-768x1080.jpg 768w, https:\/\/www.adarsus.com\/wp-content\/uploads\/2025\/10\/Infografias_web_metaOlvido-1093x1536.jpg 1093w, https:\/\/www.adarsus.com\/wp-content\/uploads\/2025\/10\/Infografias_web_metaOlvido-9x12.jpg 9w, https:\/\/www.adarsus.com\/wp-content\/uploads\/2025\/10\/Infografias_web_metaOlvido-600x843.jpg 600w, https:\/\/www.adarsus.com\/wp-content\/uploads\/2025\/10\/Infografias_web_metaOlvido.jpg 1242w\" sizes=\"auto, (max-width: 728px) 100vw, 728px\" \/>\t\t\t\t\t\t\t\t\t\t\t\t\t\t\t<\/div>\n\t\t\t\t<div class=\"elementor-element elementor-element-520f9c4 elementor-widget elementor-widget-image\" data-id=\"520f9c4\" data-element_type=\"widget\" data-e-type=\"widget\" data-widget_type=\"image.default\">\n\t\t\t\t\t\t\t\t\t\t\t\t\t\t\t\t<a href=\"https:\/\/www.ccn-cert.cni.es\/en\/\" target=\"_blank\" rel=\"noopener\">\n\t\t\t\t\t\t\t<img loading=\"lazy\" decoding=\"async\" width=\"246\" height=\"110\" src=\"https:\/\/www.adarsus.com\/wp-content\/uploads\/2025\/10\/logo-ccn.png\" class=\"attachment-large size-large wp-image-6520\" alt=\"ccn logo\" srcset=\"https:\/\/www.adarsus.com\/wp-content\/uploads\/2025\/10\/logo-ccn.png 246w, https:\/\/www.adarsus.com\/wp-content\/uploads\/2025\/10\/logo-ccn-18x8.png 18w\" sizes=\"auto, (max-width: 246px) 100vw, 246px\" \/>\t\t\t\t\t\t\t\t<\/a>\n\t\t\t\t\t\t\t\t\t\t\t\t\t\t\t<\/div>\n\t\t\t\t\t<\/div>\n\t\t\t\t<\/div>\n\t\t\t\t<\/div>","protected":false},"excerpt":{"rendered":"<p>Soluciones MetaOlvido MetaOlvido es una herramienta del Centro Criptol\u00f3gico Nacional (CCN) dise\u00f1ada para la eliminaci\u00f3n autom\u00e1tica de metadatos en documentos y ficheros, evitando la exposici\u00f3n de informaci\u00f3n sensible. Compatible con m\u00e1s de 150 formatos, se integra en entornos corporativos (correo, servidores, endpoints) y cumple con el Esquema Nacional de Seguridad (ENS) y el RGPD Solicita [&hellip;]<\/p>\n","protected":false},"author":4,"featured_media":0,"parent":0,"menu_order":0,"comment_status":"closed","ping_status":"closed","template":"","meta":{"footnotes":""},"class_list":["post-6518","page","type-page","status-publish","hentry"],"_links":{"self":[{"href":"https:\/\/www.adarsus.com\/en\/wp-json\/wp\/v2\/pages\/6518","targetHints":{"allow":["GET"]}}],"collection":[{"href":"https:\/\/www.adarsus.com\/en\/wp-json\/wp\/v2\/pages"}],"about":[{"href":"https:\/\/www.adarsus.com\/en\/wp-json\/wp\/v2\/types\/page"}],"author":[{"embeddable":true,"href":"https:\/\/www.adarsus.com\/en\/wp-json\/wp\/v2\/users\/4"}],"replies":[{"embeddable":true,"href":"https:\/\/www.adarsus.com\/en\/wp-json\/wp\/v2\/comments?post=6518"}],"version-history":[{"count":31,"href":"https:\/\/www.adarsus.com\/en\/wp-json\/wp\/v2\/pages\/6518\/revisions"}],"predecessor-version":[{"id":7768,"href":"https:\/\/www.adarsus.com\/en\/wp-json\/wp\/v2\/pages\/6518\/revisions\/7768"}],"wp:attachment":[{"href":"https:\/\/www.adarsus.com\/en\/wp-json\/wp\/v2\/media?parent=6518"}],"curies":[{"name":"wp","href":"https:\/\/api.w.org\/{rel}","templated":true}]}}