{"id":6379,"date":"2025-10-20T15:44:17","date_gmt":"2025-10-20T15:44:17","guid":{"rendered":"https:\/\/www.adarsus.com\/?page_id=6379"},"modified":"2025-11-08T07:19:24","modified_gmt":"2025-11-08T07:19:24","slug":"certifications","status":"publish","type":"page","link":"https:\/\/www.adarsus.com\/en\/certificaciones\/","title":{"rendered":"Certifications"},"content":{"rendered":"<div data-elementor-type=\"wp-page\" data-elementor-id=\"6379\" class=\"elementor elementor-6379\" data-elementor-post-type=\"page\">\n\t\t\t\t<div class=\"elementor-element elementor-element-2a79ad6 e-flex e-con-boxed e-con e-parent\" data-id=\"2a79ad6\" data-element_type=\"container\" data-e-type=\"container\" data-settings=\"{&quot;background_background&quot;:&quot;classic&quot;}\">\n\t\t\t\t\t<div class=\"e-con-inner\">\n\t\t<div class=\"elementor-element elementor-element-860f0c1 e-con-full animated-slow e-flex elementor-invisible e-con e-child\" data-id=\"860f0c1\" data-element_type=\"container\" data-e-type=\"container\" data-settings=\"{&quot;animation&quot;:&quot;fadeInLeft&quot;}\">\n\t\t\t\t<div class=\"elementor-element elementor-element-c5f198d elementor-widget elementor-widget-heading\" data-id=\"c5f198d\" data-element_type=\"widget\" data-e-type=\"widget\" data-widget_type=\"heading.default\">\n\t\t\t\t\t<h1 class=\"elementor-heading-title elementor-size-default\">Certifications<\/h1>\t\t\t\t<\/div>\n\t\t\t\t<div class=\"elementor-element elementor-element-fa1b65a elementor-widget__width-initial elementor-widget elementor-widget-text-editor\" data-id=\"fa1b65a\" data-element_type=\"widget\" data-e-type=\"widget\" data-widget_type=\"text-editor.default\">\n\t\t\t\t\t\t\t\t\t<p>Discover the quality standards behind our products and services.<\/p>\t\t\t\t\t\t\t\t<\/div>\n\t\t\t\t<div class=\"elementor-element elementor-element-8ba7089 elementor-align-left elementor-widget elementor-widget-button\" data-id=\"8ba7089\" data-element_type=\"widget\" data-e-type=\"widget\" data-widget_type=\"button.default\">\n\t\t\t\t\t\t\t\t\t\t<a class=\"elementor-button elementor-button-link elementor-size-sm elementor-animation-shrink\" href=\"https:\/\/cpstic.ccn.cni.es\/en\/catalogue?pid=108:adarsus-technologies-s-l&amp;search=&amp;order=i.created&amp;dir=desc&amp;f_familia=&amp;f_nivel_ens=&amp;f_nivel_clasificacion=&amp;f_tipo=&amp;cm=0#tlb\" target=\"_blank\" rel=\"noopener\">\n\t\t\t\t\t\t<span class=\"elementor-button-content-wrapper\">\n\t\t\t\t\t\t\t\t\t<span class=\"elementor-button-text\">See certifications in CPSTIC.CCN.CNI.ES<\/span>\n\t\t\t\t\t<\/span>\n\t\t\t\t\t<\/a>\n\t\t\t\t\t\t\t\t<\/div>\n\t\t\t\t<\/div>\n\t\t<div class=\"elementor-element elementor-element-586c4e6 e-con-full e-flex e-con e-child\" data-id=\"586c4e6\" data-element_type=\"container\" data-e-type=\"container\">\n\t\t\t\t<div class=\"elementor-element elementor-element-b78e710 elementor-widget__width-auto elementor-widget elementor-widget-image\" data-id=\"b78e710\" data-element_type=\"widget\" data-e-type=\"widget\" data-widget_type=\"image.default\">\n\t\t\t\t\t\t\t\t\t\t\t\t\t\t\t<img loading=\"lazy\" decoding=\"async\" width=\"226\" height=\"226\" src=\"https:\/\/www.adarsus.com\/wp-content\/uploads\/2025\/10\/LINCE-white.png\" class=\"attachment-large size-large wp-image-7564\" alt=\"LINCE white\" srcset=\"https:\/\/www.adarsus.com\/wp-content\/uploads\/2025\/10\/LINCE-white.png 226w, https:\/\/www.adarsus.com\/wp-content\/uploads\/2025\/10\/LINCE-white-150x150.png 150w, https:\/\/www.adarsus.com\/wp-content\/uploads\/2025\/10\/LINCE-white-12x12.png 12w, https:\/\/www.adarsus.com\/wp-content\/uploads\/2025\/10\/LINCE-white-100x100.png 100w\" sizes=\"auto, (max-width: 226px) 100vw, 226px\" \/>\t\t\t\t\t\t\t\t\t\t\t\t\t\t\t<\/div>\n\t\t\t\t<\/div>\n\t\t\t\t\t<\/div>\n\t\t\t\t<\/div>\n\t\t<div class=\"elementor-element elementor-element-9d8e88c e-flex e-con-boxed e-con e-parent\" data-id=\"9d8e88c\" data-element_type=\"container\" data-e-type=\"container\">\n\t\t\t\t\t<div class=\"e-con-inner\">\n\t\t<div class=\"elementor-element elementor-element-4ac0ffc e-con-full e-flex e-con e-child\" data-id=\"4ac0ffc\" data-element_type=\"container\" data-e-type=\"container\">\n\t\t\t\t<div class=\"elementor-element elementor-element-cf9841f elementor-widget elementor-widget-image\" data-id=\"cf9841f\" data-element_type=\"widget\" data-e-type=\"widget\" data-widget_type=\"image.default\">\n\t\t\t\t\t\t\t\t\t\t\t\t\t\t\t<img loading=\"lazy\" decoding=\"async\" width=\"800\" height=\"802\" src=\"https:\/\/www.adarsus.com\/wp-content\/uploads\/2025\/10\/GRAFICO-METADATA-EN.jpg\" class=\"attachment-large size-large wp-image-7278\" alt=\"GRAPHICAL METADATA EN\" srcset=\"https:\/\/www.adarsus.com\/wp-content\/uploads\/2025\/10\/GRAFICO-METADATA-EN.jpg 1526w, https:\/\/www.adarsus.com\/wp-content\/uploads\/2025\/10\/GRAFICO-METADATA-EN-300x300.jpg 300w, https:\/\/www.adarsus.com\/wp-content\/uploads\/2025\/10\/GRAFICO-METADATA-EN-1022x1024.jpg 1022w, https:\/\/www.adarsus.com\/wp-content\/uploads\/2025\/10\/GRAFICO-METADATA-EN-150x150.jpg 150w, https:\/\/www.adarsus.com\/wp-content\/uploads\/2025\/10\/GRAFICO-METADATA-EN-768x770.jpg 768w, https:\/\/www.adarsus.com\/wp-content\/uploads\/2025\/10\/GRAFICO-METADATA-EN-12x12.jpg 12w, https:\/\/www.adarsus.com\/wp-content\/uploads\/2025\/10\/GRAFICO-METADATA-EN-600x601.jpg 600w, https:\/\/www.adarsus.com\/wp-content\/uploads\/2025\/10\/GRAFICO-METADATA-EN-100x100.jpg 100w\" sizes=\"auto, (max-width: 800px) 100vw, 800px\" \/>\t\t\t\t\t\t\t\t\t\t\t\t\t\t\t<\/div>\n\t\t\t\t<\/div>\n\t\t<div class=\"elementor-element elementor-element-4aadf37 e-con-full e-flex e-con e-child\" data-id=\"4aadf37\" data-element_type=\"container\" data-e-type=\"container\">\n\t\t\t\t<div class=\"elementor-element elementor-element-33c2c80 elementor-widget elementor-widget-heading\" data-id=\"33c2c80\" data-element_type=\"widget\" data-e-type=\"widget\" data-widget_type=\"heading.default\">\n\t\t\t\t\t<h2 class=\"elementor-heading-title elementor-size-default\"> Certified Solutions<\/h2>\t\t\t\t<\/div>\n\t\t\t\t<div class=\"elementor-element elementor-element-3472110 elementor-widget elementor-widget-image\" data-id=\"3472110\" data-element_type=\"widget\" data-e-type=\"widget\" data-widget_type=\"image.default\">\n\t\t\t\t\t\t\t\t\t\t\t\t\t\t\t\t<a href=\"https:\/\/www.adarsus.com\/en\/eliminar-metadatos-documentos-videos-imagenes-metaclean\/\">\n\t\t\t\t\t\t\t<img loading=\"lazy\" decoding=\"async\" width=\"412\" height=\"299\" src=\"https:\/\/www.adarsus.com\/wp-content\/uploads\/2025\/10\/AD_Metaclean_V.svg\" class=\"attachment-large size-large wp-image-6433\" alt=\"\" \/>\t\t\t\t\t\t\t\t<\/a>\n\t\t\t\t\t\t\t\t\t\t\t\t\t\t\t<\/div>\n\t\t\t\t<div class=\"elementor-element elementor-element-03b874b elementor-widget elementor-widget-image\" data-id=\"03b874b\" data-element_type=\"widget\" data-e-type=\"widget\" data-widget_type=\"image.default\">\n\t\t\t\t\t\t\t\t\t\t\t\t\t\t\t\t<a href=\"https:\/\/www.adarsus.com\/en\/soluciones-metaolvido\/\">\n\t\t\t\t\t\t\t<img loading=\"lazy\" decoding=\"async\" width=\"800\" height=\"353\" src=\"https:\/\/www.adarsus.com\/wp-content\/uploads\/2025\/09\/metaOLVIDO@5x-1-scaled-e1758524374348-1024x452.png\" class=\"attachment-large size-large wp-image-5876\" alt=\"metaOLVIDO@5x 1 scaled e1758524374348\" srcset=\"https:\/\/www.adarsus.com\/wp-content\/uploads\/2025\/09\/metaOLVIDO@5x-1-scaled-e1758524374348-1024x452.png 1024w, https:\/\/www.adarsus.com\/wp-content\/uploads\/2025\/09\/metaOLVIDO@5x-1-scaled-e1758524374348-300x132.png 300w, https:\/\/www.adarsus.com\/wp-content\/uploads\/2025\/09\/metaOLVIDO@5x-1-scaled-e1758524374348-768x339.png 768w, https:\/\/www.adarsus.com\/wp-content\/uploads\/2025\/09\/metaOLVIDO@5x-1-scaled-e1758524374348-1536x677.png 1536w, https:\/\/www.adarsus.com\/wp-content\/uploads\/2025\/09\/metaOLVIDO@5x-1-scaled-e1758524374348-18x8.png 18w, https:\/\/www.adarsus.com\/wp-content\/uploads\/2025\/09\/metaOLVIDO@5x-1-scaled-e1758524374348-600x265.png 600w, https:\/\/www.adarsus.com\/wp-content\/uploads\/2025\/09\/metaOLVIDO@5x-1-scaled-e1758524374348.png 1984w\" sizes=\"auto, (max-width: 800px) 100vw, 800px\" \/>\t\t\t\t\t\t\t\t<\/a>\n\t\t\t\t\t\t\t\t\t\t\t\t\t\t\t<\/div>\n\t\t\t\t<div class=\"elementor-element elementor-element-938119f elementor-widget elementor-widget-heading\" data-id=\"938119f\" data-element_type=\"widget\" data-e-type=\"widget\" data-widget_type=\"heading.default\">\n\t\t\t\t\t<h3 class=\"elementor-heading-title elementor-size-default\">Certification process<\/h3>\t\t\t\t<\/div>\n\t\t\t\t<div class=\"elementor-element elementor-element-29b5f29 elementor-widget__width-initial elementor-widget elementor-widget-text-editor\" data-id=\"29b5f29\" data-element_type=\"widget\" data-e-type=\"widget\" data-widget_type=\"text-editor.default\">\n\t\t\t\t\t\t\t\t\t<p><span style=\"font-weight: 400;\">MetaClean has passed a stringent certification process carried out in laboratories approved by the <\/span><b>Centre<\/b> <b>National Cryptologic <\/b><span style=\"font-weight: 400;\">which has resulted in MetaClean solutions forming part of the National Cryptologic Centre's catalogue of ICT products and services, and also in their suitability for the National Security Scheme (<\/span><b>ENS<\/b><span style=\"font-weight: 400;\">) <\/span><span style=\"font-weight: 400;\">High level.\u00a0<\/span><\/p><p><span style=\"font-weight: 400;\">The certification process requires more than a year of intensive work by specialised teams and guarantees a level of safety that few others can offer. Choose MetaClean and make a difference: <\/span><b>certified protection, assured confidence<\/b><\/p>\t\t\t\t\t\t\t\t<\/div>\n\t\t\t\t<div class=\"elementor-element elementor-element-40c6589 elementor-align-left elementor-widget elementor-widget-button\" data-id=\"40c6589\" data-element_type=\"widget\" data-e-type=\"widget\" data-widget_type=\"button.default\">\n\t\t\t\t\t\t\t\t\t\t<a class=\"elementor-button elementor-button-link elementor-size-sm elementor-animation-shrink\" href=\"https:\/\/outlook.office.com\/book\/MetaCleanApproachbyAdarsus@adarsus.onmicrosoft.com\/?ismsaljsauthenabled\" target=\"_blank\" rel=\"noopener\">\n\t\t\t\t\t\t<span class=\"elementor-button-content-wrapper\">\n\t\t\t\t\t\t\t\t\t<span class=\"elementor-button-text\">Request a demo<\/span>\n\t\t\t\t\t<\/span>\n\t\t\t\t\t<\/a>\n\t\t\t\t\t\t\t\t<\/div>\n\t\t\t\t<\/div>\n\t\t\t\t\t<\/div>\n\t\t\t\t<\/div>\n\t\t<div class=\"elementor-element elementor-element-a1af24a e-flex e-con-boxed e-con e-parent\" data-id=\"a1af24a\" data-element_type=\"container\" data-e-type=\"container\">\n\t\t\t\t\t<div class=\"e-con-inner\">\n\t\t<div class=\"elementor-element elementor-element-4ff77f4 e-con-full e-flex e-con e-child\" data-id=\"4ff77f4\" data-element_type=\"container\" data-e-type=\"container\">\n\t\t\t\t<div class=\"elementor-element elementor-element-f784bb8 elementor-widget elementor-widget-heading\" data-id=\"f784bb8\" data-element_type=\"widget\" data-e-type=\"widget\" data-widget_type=\"heading.default\">\n\t\t\t\t\t<h2 class=\"elementor-heading-title elementor-size-default\">MetaClean, beyond certification.<\/h2>\t\t\t\t<\/div>\n\t\t\t\t<div class=\"elementor-element elementor-element-d93b8fb elementor-widget elementor-widget-heading\" data-id=\"d93b8fb\" data-element_type=\"widget\" data-e-type=\"widget\" data-widget_type=\"heading.default\">\n\t\t\t\t\t<h3 class=\"elementor-heading-title elementor-size-default\">Approved and qualified solutions <\/h3>\t\t\t\t<\/div>\n\t\t\t\t<div class=\"elementor-element elementor-element-e97b017 elementor-widget__width-initial elementor-widget elementor-widget-text-editor\" data-id=\"e97b017\" data-element_type=\"widget\" data-e-type=\"widget\" data-widget_type=\"text-editor.default\">\n\t\t\t\t\t\t\t\t\t<p>All MetaClean products are approved, except MetaClean for Outlook which is qualified.<\/p>\t\t\t\t\t\t\t\t<\/div>\n\t\t\t\t<div class=\"elementor-element elementor-element-b1ceb7b elementor-widget elementor-widget-heading\" data-id=\"b1ceb7b\" data-element_type=\"widget\" data-e-type=\"widget\" data-widget_type=\"heading.default\">\n\t\t\t\t\t<h3 class=\"elementor-heading-title elementor-size-default\">What are the differences between certification, qualification and approval?<\/h3>\t\t\t\t<\/div>\n\t\t\t\t<div class=\"elementor-element elementor-element-b76a516 elementor-widget elementor-widget-button\" data-id=\"b76a516\" data-element_type=\"widget\" data-e-type=\"widget\" data-widget_type=\"button.default\">\n\t\t\t\t\t\t\t\t\t\t<a class=\"elementor-button elementor-button-link elementor-size-sm\" href=\"https:\/\/www.adarsus.com\/wp-content\/uploads\/2025\/11\/CPSTIC-Diferencias-Ingles.pdf\" target=\"_blank\">\n\t\t\t\t\t\t<span class=\"elementor-button-content-wrapper\">\n\t\t\t\t\t\t\t\t\t<span class=\"elementor-button-text\">Download PDF<\/span>\n\t\t\t\t\t<\/span>\n\t\t\t\t\t<\/a>\n\t\t\t\t\t\t\t\t<\/div>\n\t\t\t\t<\/div>\n\t\t<div class=\"elementor-element elementor-element-e497661 e-con-full e-flex e-con e-child\" data-id=\"e497661\" data-element_type=\"container\" data-e-type=\"container\">\n\t\t\t\t<div class=\"elementor-element elementor-element-82c03ad elementor-arrows-position-outside elementor-widget elementor-widget-image-carousel\" data-id=\"82c03ad\" data-element_type=\"widget\" data-e-type=\"widget\" data-settings=\"{&quot;slides_to_show&quot;:&quot;1&quot;,&quot;navigation&quot;:&quot;arrows&quot;,&quot;speed&quot;:1000,&quot;autoplay&quot;:&quot;yes&quot;,&quot;pause_on_hover&quot;:&quot;yes&quot;,&quot;pause_on_interaction&quot;:&quot;yes&quot;,&quot;autoplay_speed&quot;:5000,&quot;infinite&quot;:&quot;yes&quot;,&quot;effect&quot;:&quot;slide&quot;}\" data-widget_type=\"image-carousel.default\">\n\t\t\t\t\t\t\t<div class=\"elementor-image-carousel-wrapper swiper\" role=\"region\" aria-roledescription=\"carousel\" aria-label=\"Carousel of images\" dir=\"ltr\">\n\t\t\t<div class=\"elementor-image-carousel swiper-wrapper\" aria-live=\"off\">\n\t\t\t\t\t\t\t\t<div class=\"swiper-slide\" role=\"group\" aria-roledescription=\"slide\" aria-label=\"1 of 4\"><a data-elementor-open-lightbox=\"yes\" data-elementor-lightbox-slideshow=\"82c03ad\" data-elementor-lightbox-title=\"nivel de confianza\" data-elementor-lightbox-description=\"nivel de confianza\" data-e-action-hash=\"#elementor-action%3Aaction%3Dlightbox%26settings%3DeyJpZCI6NzczNCwidXJsIjoiaHR0cHM6XC9cL3d3dy5hZGFyc3VzLmNvbVwvd3AtY29udGVudFwvdXBsb2Fkc1wvMjAyNVwvMTFcL25pdmVsLWRlLWNvbmZpYW56YS5qcGciLCJzbGlkZXNob3ciOiI4MmMwM2FkIn0%3D\" href=\"https:\/\/www.adarsus.com\/wp-content\/uploads\/2025\/11\/nivel-de-confianza-en.jpg\"><figure class=\"swiper-slide-inner\"><img decoding=\"async\" class=\"swiper-slide-image\" src=\"https:\/\/www.adarsus.com\/wp-content\/uploads\/2025\/11\/nivel-de-confianza-en.jpg\" alt=\"level of confidence\" \/><\/figure><\/a><\/div><div class=\"swiper-slide\" role=\"group\" aria-roledescription=\"slide\" aria-label=\"2 of 4\"><a data-elementor-open-lightbox=\"yes\" data-elementor-lightbox-slideshow=\"82c03ad\" data-elementor-lightbox-title=\"certificado scaled\" data-elementor-lightbox-description=\"certificado scaled\" data-e-action-hash=\"#elementor-action%3Aaction%3Dlightbox%26settings%3DeyJpZCI6NzczMSwidXJsIjoiaHR0cHM6XC9cL3d3dy5hZGFyc3VzLmNvbVwvd3AtY29udGVudFwvdXBsb2Fkc1wvMjAyNVwvMTFcL2NlcnRpZmljYWRvLXNjYWxlZC5qcGciLCJzbGlkZXNob3ciOiI4MmMwM2FkIn0%3D\" href=\"https:\/\/www.adarsus.com\/wp-content\/uploads\/2025\/11\/certificado-en.jpg\"><figure class=\"swiper-slide-inner\"><img decoding=\"async\" class=\"swiper-slide-image\" src=\"https:\/\/www.adarsus.com\/wp-content\/uploads\/2025\/11\/certificado-en.jpg\" alt=\"scaled certificate\" \/><\/figure><\/a><\/div><div class=\"swiper-slide\" role=\"group\" aria-roledescription=\"slide\" aria-label=\"3 of 4\"><a data-elementor-open-lightbox=\"yes\" data-elementor-lightbox-slideshow=\"82c03ad\" data-elementor-lightbox-title=\"cualificado\" data-elementor-lightbox-description=\"cualificado\" data-e-action-hash=\"#elementor-action%3Aaction%3Dlightbox%26settings%3DeyJpZCI6NzczMCwidXJsIjoiaHR0cHM6XC9cL3d3dy5hZGFyc3VzLmNvbVwvd3AtY29udGVudFwvdXBsb2Fkc1wvMjAyNVwvMTFcL2N1YWxpZmljYWRvLmpwZyIsInNsaWRlc2hvdyI6IjgyYzAzYWQifQ%3D%3D\" href=\"https:\/\/www.adarsus.com\/wp-content\/uploads\/2025\/11\/cualificado-en.jpg\"><figure class=\"swiper-slide-inner\"><img decoding=\"async\" class=\"swiper-slide-image\" src=\"https:\/\/www.adarsus.com\/wp-content\/uploads\/2025\/11\/cualificado-en.jpg\" alt=\"qualified\" \/><\/figure><\/a><\/div><div class=\"swiper-slide\" role=\"group\" aria-roledescription=\"slide\" aria-label=\"4 of 4\"><a data-elementor-open-lightbox=\"yes\" data-elementor-lightbox-slideshow=\"82c03ad\" data-elementor-lightbox-title=\"aprobado\" data-elementor-lightbox-description=\"aprobado\" data-e-action-hash=\"#elementor-action%3Aaction%3Dlightbox%26settings%3DeyJpZCI6NzcyOSwidXJsIjoiaHR0cHM6XC9cL3d3dy5hZGFyc3VzLmNvbVwvd3AtY29udGVudFwvdXBsb2Fkc1wvMjAyNVwvMTFcL2Fwcm9iYWRvLmpwZyIsInNsaWRlc2hvdyI6IjgyYzAzYWQifQ%3D%3D\" href=\"https:\/\/www.adarsus.com\/wp-content\/uploads\/2025\/11\/aprobado-en.jpg\"><figure class=\"swiper-slide-inner\"><img decoding=\"async\" class=\"swiper-slide-image\" src=\"https:\/\/www.adarsus.com\/wp-content\/uploads\/2025\/11\/aprobado-en.jpg\" alt=\"approved\" \/><\/figure><\/a><\/div>\t\t\t<\/div>\n\t\t\t\t\t\t\t\t\t\t\t\t<div class=\"elementor-swiper-button elementor-swiper-button-prev\" role=\"button\" tabindex=\"0\">\n\t\t\t\t\t\t<svg aria-hidden=\"true\" class=\"e-font-icon-svg e-eicon-chevron-left\" viewbox=\"0 0 1000 1000\" xmlns=\"http:\/\/www.w3.org\/2000\/svg\"><path d=\"M646 125C629 125 613 133 604 142L308 442C296 454 292 471 292 487 292 504 296 521 308 533L604 854C617 867 629 875 646 875 663 875 679 871 692 858 704 846 713 829 713 812 713 796 708 779 692 767L438 487 692 225C700 217 708 204 708 187 708 171 704 154 692 142 675 129 663 125 646 125Z\"><\/path><\/svg>\t\t\t\t\t<\/div>\n\t\t\t\t\t<div class=\"elementor-swiper-button elementor-swiper-button-next\" role=\"button\" tabindex=\"0\">\n\t\t\t\t\t\t<svg aria-hidden=\"true\" class=\"e-font-icon-svg e-eicon-chevron-right\" viewbox=\"0 0 1000 1000\" xmlns=\"http:\/\/www.w3.org\/2000\/svg\"><path d=\"M696 533C708 521 713 504 713 487 713 471 708 454 696 446L400 146C388 133 375 125 354 125 338 125 325 129 313 142 300 154 292 171 292 187 292 204 296 221 308 233L563 492 304 771C292 783 288 800 288 817 288 833 296 850 308 863 321 871 338 875 354 875 371 875 388 867 400 854L696 533Z\"><\/path><\/svg>\t\t\t\t\t<\/div>\n\t\t\t\t\n\t\t\t\t\t\t\t\t\t<\/div>\n\t\t\t\t\t\t<\/div>\n\t\t\t\t<\/div>\n\t\t\t\t\t<\/div>\n\t\t\t\t<\/div>\n\t\t<div class=\"elementor-element elementor-element-61847fe e-flex e-con-boxed e-con e-parent\" data-id=\"61847fe\" data-element_type=\"container\" data-e-type=\"container\" data-settings=\"{&quot;background_background&quot;:&quot;classic&quot;}\">\n\t\t\t\t\t<div class=\"e-con-inner\">\n\t\t\t\t<div class=\"elementor-element elementor-element-c37e437 elementor-widget__width-initial elementor-widget elementor-widget-heading\" data-id=\"c37e437\" data-element_type=\"widget\" data-e-type=\"widget\" data-widget_type=\"heading.default\">\n\t\t\t\t\t<h2 class=\"elementor-heading-title elementor-size-default\">Protection without borders, trust without limits.<\/h2>\t\t\t\t<\/div>\n\t\t\t\t\t<\/div>\n\t\t\t\t<\/div>\n\t\t<div class=\"elementor-element elementor-element-4774526 e-flex e-con-boxed e-con e-parent\" data-id=\"4774526\" data-element_type=\"container\" data-e-type=\"container\">\n\t\t\t\t\t<div class=\"e-con-inner\">\n\t\t<div class=\"elementor-element elementor-element-3599eab e-con-full e-flex e-con e-child\" data-id=\"3599eab\" data-element_type=\"container\" data-e-type=\"container\">\n\t\t\t\t<div class=\"elementor-element elementor-element-59130d6 elementor-widget elementor-widget-heading\" data-id=\"59130d6\" data-element_type=\"widget\" data-e-type=\"widget\" data-widget_type=\"heading.default\">\n\t\t\t\t\t<h3 class=\"elementor-heading-title elementor-size-default\">At Adarsus we not only guarantee security, we guarantee peace of mind.\u00a0<\/h3>\t\t\t\t<\/div>\n\t\t\t\t<div class=\"elementor-element elementor-element-97b06fb elementor-widget elementor-widget-text-editor\" data-id=\"97b06fb\" data-element_type=\"widget\" data-e-type=\"widget\" data-widget_type=\"text-editor.default\">\n\t\t\t\t\t\t\t\t\t<p><span style=\"font-weight: 400;\">Our infrastructure based on <\/span><b>Amazon EC2<\/b><span style=\"font-weight: 400;\"> reinforces the protection of your data and ensures strict compliance with the <\/span><b>GDPR<\/b><span style=\"font-weight: 400;\">. In addition, we host your information on servers located in your country, which means <\/span><b>greater control, sovereignty and confidence for your business<\/b><span style=\"font-weight: 400;\">.\u00a0<\/span><\/p><p><span style=\"font-weight: 400;\">With us, security becomes a competitive advantage.<\/span><\/p>\t\t\t\t\t\t\t\t<\/div>\n\t\t\t\t<div class=\"elementor-element elementor-element-23e3337 elementor-widget elementor-widget-text-editor\" data-id=\"23e3337\" data-element_type=\"widget\" data-e-type=\"widget\" data-widget_type=\"text-editor.default\">\n\t\t\t\t\t\t\t\t\t<p><b>See our <\/b><b>data processing agreement<a href=\"https:\/\/www.adarsus.com\/en\/privacy-policy\/\"> (DPA)<\/a> <\/b><b>\u00a0and request a demo for more information or write to <\/b><strong><a href=\"mailto:sales@adarsus.com\">sales@adarsus.com<\/a><\/strong><\/p>\t\t\t\t\t\t\t\t<\/div>\n\t\t\t\t<div class=\"elementor-element elementor-element-6357c08 elementor-align-left elementor-widget elementor-widget-button\" data-id=\"6357c08\" data-element_type=\"widget\" data-e-type=\"widget\" data-widget_type=\"button.default\">\n\t\t\t\t\t\t\t\t\t\t<a class=\"elementor-button elementor-button-link elementor-size-sm elementor-animation-shrink\" href=\"https:\/\/outlook.office.com\/book\/MetaCleanApproachbyAdarsus@adarsus.onmicrosoft.com\/?ismsaljsauthenabled\" target=\"_blank\" rel=\"noopener\">\n\t\t\t\t\t\t<span class=\"elementor-button-content-wrapper\">\n\t\t\t\t\t\t\t\t\t<span class=\"elementor-button-text\">Request a demo<\/span>\n\t\t\t\t\t<\/span>\n\t\t\t\t\t<\/a>\n\t\t\t\t\t\t\t\t<\/div>\n\t\t\t\t<\/div>\n\t\t<div class=\"elementor-element elementor-element-a60a889 e-con-full e-flex e-con e-child\" data-id=\"a60a889\" data-element_type=\"container\" data-e-type=\"container\">\n\t\t\t\t<div class=\"elementor-element elementor-element-a6ce8ae elementor-widget elementor-widget-image\" data-id=\"a6ce8ae\" data-element_type=\"widget\" data-e-type=\"widget\" data-widget_type=\"image.default\">\n\t\t\t\t\t\t\t\t\t\t\t\t\t\t\t<img loading=\"lazy\" decoding=\"async\" width=\"768\" height=\"381\" src=\"https:\/\/www.adarsus.com\/wp-content\/uploads\/2025\/10\/137054ba-7e0b-4ef9-b8ad-d128ead90062.png\" class=\"attachment-full size-full wp-image-7282\" alt=\"137054ba 7e0b 4ef9 b8ad d128ead90062\" srcset=\"https:\/\/www.adarsus.com\/wp-content\/uploads\/2025\/10\/137054ba-7e0b-4ef9-b8ad-d128ead90062.png 768w, https:\/\/www.adarsus.com\/wp-content\/uploads\/2025\/10\/137054ba-7e0b-4ef9-b8ad-d128ead90062-300x149.png 300w, https:\/\/www.adarsus.com\/wp-content\/uploads\/2025\/10\/137054ba-7e0b-4ef9-b8ad-d128ead90062-18x9.png 18w, https:\/\/www.adarsus.com\/wp-content\/uploads\/2025\/10\/137054ba-7e0b-4ef9-b8ad-d128ead90062-600x298.png 600w\" sizes=\"auto, (max-width: 768px) 100vw, 768px\" \/>\t\t\t\t\t\t\t\t\t\t\t\t\t\t\t<\/div>\n\t\t\t\t<\/div>\n\t\t\t\t\t<\/div>\n\t\t\t\t<\/div>\n\t\t\t\t<\/div>","protected":false},"excerpt":{"rendered":"<p>Certificaciones Descubre los est\u00e1ndares de calidad que respaldan nuestros productos y servicios. Ver certificaciones en CPSTIC.CCN.CNI.ES Soluciones Certificadas Proceso de certificaci\u00f3n MetaClean ha superado un exigente proceso de certificaci\u00f3n realizado en laboratorios autorizados por el Centro Criptol\u00f3gico Nacional que ha dado como resultado que las soluciones MetaClean formen parte del cat\u00e1logo de productos y servicios [&hellip;]<\/p>\n","protected":false},"author":2,"featured_media":0,"parent":0,"menu_order":0,"comment_status":"closed","ping_status":"closed","template":"","meta":{"footnotes":""},"class_list":["post-6379","page","type-page","status-publish","hentry"],"_links":{"self":[{"href":"https:\/\/www.adarsus.com\/en\/wp-json\/wp\/v2\/pages\/6379","targetHints":{"allow":["GET"]}}],"collection":[{"href":"https:\/\/www.adarsus.com\/en\/wp-json\/wp\/v2\/pages"}],"about":[{"href":"https:\/\/www.adarsus.com\/en\/wp-json\/wp\/v2\/types\/page"}],"author":[{"embeddable":true,"href":"https:\/\/www.adarsus.com\/en\/wp-json\/wp\/v2\/users\/2"}],"replies":[{"embeddable":true,"href":"https:\/\/www.adarsus.com\/en\/wp-json\/wp\/v2\/comments?post=6379"}],"version-history":[{"count":89,"href":"https:\/\/www.adarsus.com\/en\/wp-json\/wp\/v2\/pages\/6379\/revisions"}],"predecessor-version":[{"id":7743,"href":"https:\/\/www.adarsus.com\/en\/wp-json\/wp\/v2\/pages\/6379\/revisions\/7743"}],"wp:attachment":[{"href":"https:\/\/www.adarsus.com\/en\/wp-json\/wp\/v2\/media?parent=6379"}],"curies":[{"name":"wp","href":"https:\/\/api.w.org\/{rel}","templated":true}]}}