{"id":3,"date":"2025-09-03T11:02:42","date_gmt":"2025-09-03T11:02:42","guid":{"rendered":"https:\/\/www.adarsus.com\/?page_id=3"},"modified":"2025-11-08T10:51:39","modified_gmt":"2025-11-08T10:51:39","slug":"privacy-policy","status":"publish","type":"page","link":"https:\/\/www.adarsus.com\/en\/politica-de-privacidad\/","title":{"rendered":"Privacy Policy"},"content":{"rendered":"<div data-elementor-type=\"wp-page\" data-elementor-id=\"3\" class=\"elementor elementor-3\" data-elementor-post-type=\"page\">\n\t\t\t\t<div class=\"elementor-element elementor-element-267738e e-flex e-con-boxed e-con e-parent\" data-id=\"267738e\" data-element_type=\"container\" data-e-type=\"container\" data-settings=\"{&quot;background_background&quot;:&quot;classic&quot;}\">\n\t\t\t\t\t<div class=\"e-con-inner\">\n\t\t<div class=\"elementor-element elementor-element-af3a554 e-con-full e-flex e-con e-child\" data-id=\"af3a554\" data-element_type=\"container\" data-e-type=\"container\">\n\t\t\t\t<div class=\"elementor-element elementor-element-e019f8d elementor-widget elementor-widget-heading\" data-id=\"e019f8d\" data-element_type=\"widget\" data-e-type=\"widget\" data-widget_type=\"heading.default\">\n\t\t\t\t\t<h1 class=\"elementor-heading-title elementor-size-default\">Privacy Policy<\/h1>\t\t\t\t<\/div>\n\t\t\t\t<\/div>\n\t\t\t\t\t<\/div>\n\t\t\t\t<\/div>\n\t\t<div class=\"elementor-element elementor-element-cc0215c e-flex e-con-boxed e-con e-parent\" data-id=\"cc0215c\" data-element_type=\"container\" data-e-type=\"container\">\n\t\t\t\t\t<div class=\"e-con-inner\">\n\t\t\t\t<div class=\"elementor-element elementor-element-6b01f41 elementor-widget elementor-widget-heading\" data-id=\"6b01f41\" data-element_type=\"widget\" data-e-type=\"widget\" data-widget_type=\"heading.default\">\n\t\t\t\t\t<h2 class=\"elementor-heading-title elementor-size-default\">Protection of personal data in accordance with the GDPR.<\/h2>\t\t\t\t<\/div>\n\t\t\t\t<div class=\"elementor-element elementor-element-2b222bc elementor-widget elementor-widget-text-editor\" data-id=\"2b222bc\" data-element_type=\"widget\" data-e-type=\"widget\" data-widget_type=\"text-editor.default\">\n\t\t\t\t\t\t\t\t\t<p><span style=\"font-weight: 400;\">Metadata Strategy, S.L., in application of current legislation on the protection of personal data, informs that the personal data collected through the forms on the website: <strong><a href=\"https:\/\/www.adarsus.com\/en\/\">https:\/\/www.adarsus.com\/<\/a><\/strong>, are included in the specific automated files of users of Metadata Strategy, S.L. services.<\/span><\/p><p><span style=\"font-weight: 400;\">The purpose of the collection and automated processing of personal data is to maintain the commercial relationship and the performance of information, training, consultancy and other activities of Metadata Strategy, S.L.<\/span><\/p><p><span style=\"font-weight: 400;\">These data will only be transferred to those entities that are necessary for the sole purpose of fulfilling the aforementioned purpose.<\/span><\/p><p><span style=\"font-weight: 400;\">Metadata Strategy, S.L. adopts the necessary measures to guarantee the security, integrity and confidentiality of the data in accordance with the provisions of Regulation (EU) 2016\/679 of the European Parliament and of the Council of 27 April 2016 on the protection of natural persons with regard to the processing of personal data and on the free movement of such data, and repealing the old LOPD, the new Organic Law 3\/2018 of 5 December on Data Protection and Guarantee of Digital Rights (LOPDGDDD).<\/span><\/p><p><span style=\"font-weight: 400;\">The user may at any time exercise the rights of access, opposition, rectification, cancellation, limitation and portability recognised in the aforementioned Regulation (EU). These rights may be exercised by the user by sending an email to: sales@adarsus.com or to the following address: Avda Secundino Zuazo 95 - Portal 4, 3\u00ba C, C.P. 28055 - Madrid (Madrid).<\/span><\/p><p><span style=\"font-weight: 400;\">The user declares that all the data provided by him\/her are true and correct, and undertakes to keep them updated, communicating any changes to Metadata Strategy, S.A., S.A., and that he\/she is responsible for the correctness and accuracy of the information provided.<\/span><\/p><h3><b>Purpose of the processing of personal data:<\/b><\/h3><h4><b>For what purposes will we process your personal data?<\/b><\/h4><p><span style=\"font-weight: 400;\">Metadata Strategy, S.L. will process your personal data collected through the Website: <strong><a href=\"https:\/\/www.adarsus.com\/en\/\">https:\/\/www.adarsus.com\/<\/a><\/strong>, for the following purposes:<\/span><\/p><ol><li style=\"font-weight: 400;\" aria-level=\"1\"><span style=\"font-weight: 400;\">To comply with the company's commercial, labour, corporate and accounting obligations.<\/span><\/li><li style=\"font-weight: 400;\" aria-level=\"1\"><span style=\"font-weight: 400;\">Sending commercial information and newsletters about new services offered on the website and the sector.<\/span><\/li><li style=\"font-weight: 400;\" aria-level=\"1\"><span style=\"font-weight: 400;\">The process of archiving, updating systems, protection and custody of company information and databases.<\/span><\/li><li style=\"font-weight: 400;\" aria-level=\"1\"><span style=\"font-weight: 400;\">The transmission of data to third parties with whom contracts have been concluded for this purpose, for commercial, contractual, administrative, marketing and\/or operational purposes.<\/span><\/li><li style=\"font-weight: 400;\" aria-level=\"1\"><span style=\"font-weight: 400;\">Execute a contract concluded remotely with the user.<\/span><\/li><li style=\"font-weight: 400;\" aria-level=\"1\"><span style=\"font-weight: 400;\">To purchase the products offered through the website.<\/span><\/li><li style=\"font-weight: 400;\" aria-level=\"1\"><span style=\"font-weight: 400;\"><span style=\"font-weight: 400;\">Provide the information requested by the user through the contact form.<\/span><\/span><\/li><\/ol><p><span style=\"font-weight: 400;\">We remind you that you may object to the sending of commercial communications by any means and at any time by sending an e-mail to the above address.<\/span><\/p><p><span style=\"font-weight: 400;\">The fields in these registers must be filled in, and it is impossible to carry out the purposes expressed if these data are not provided.<\/span><\/p><h4><b>How long will the personal data collected be kept?<\/b><\/h4><p><span style=\"font-weight: 400;\">The personal data provided will be kept for as long as the commercial relationship is maintained or you do not request its deletion and for the period of time for which legal responsibilities may arise from the services provided.<\/span><\/p><p><strong>Legitimation:<\/strong><\/p><p><span style=\"font-weight: 400;\">The processing of your data is carried out on the following legal bases that legitimise it:<\/span><\/p><ol><li style=\"font-weight: 400;\" aria-level=\"1\"><span style=\"font-weight: 400;\">The request for information and\/or the contracting of the services of Metadata Strategy, S.L., whose terms and conditions will be made available to you in any case, prior to any eventual contracting.<\/span><\/li><li style=\"font-weight: 400;\" aria-level=\"1\"><span style=\"font-weight: 400;\"><span style=\"font-weight: 400;\">Free, specific, informed and unequivocal consent, insofar as we inform you by making this privacy policy available to you, which, after reading it, if you agree, you can accept by means of a declaration or a clear affirmative action, such as ticking a box provided for this purpose.<\/span><\/span><\/li><\/ol><p><span style=\"font-weight: 400;\">If you do not provide us with your details, or if you do so incorrectly or incompletely, we will not be able to deal with your request, making it impossible for us to provide you with the information requested or to carry out the contracting of the services.<\/span><\/p><p><strong>Target group:<\/strong><\/p><p><span style=\"font-weight: 400;\">The data will not be communicated to any third party outside Metadata Strategy, S.L., unless legally obliged to do so.<\/span><\/p><p><span style=\"font-weight: 400;\">Data collected by users of the services<\/span><\/p><p><span style=\"font-weight: 400;\">In cases where the user includes files with personal data in the shared hosting servers, Metadata Strategy, S.L. is not responsible for the user's non-compliance with the RGPD.<\/span><\/p><p><span style=\"font-weight: 400;\">Intellectual property rights <strong><a href=\"https:\/\/www.adarsus.com\/en\/\">https:\/\/www.adarsus.com\/<\/a><\/strong><\/span><\/p><p><span style=\"font-weight: 400;\">Adarsus Technologies, S.L. is the owner of all copyrights, intellectual and industrial property rights, know-how and any other rights related to the contents of the website. <a href=\"https:\/\/www.adarsus.com\/en\/\">https:\/\/www.adarsus.com\/<\/a> and the services offered therein, as well as the programmes necessary for their implementation and related information.<\/span><\/p><p><span style=\"font-weight: 400;\">Metadata Strategy S.L. is a part of Adarsus Technologies S.L., the sites <strong><a href=\"https:\/\/www.adarsus.com\/en\/\">https:\/\/www.adarsus.com\/<\/a><\/strong>, https:\/\/www.metaclean.com\/y of the services offered therein, as well as of the programmes necessary for their implementation and related information.<\/span><\/p><p><span style=\"font-weight: 400;\">The reproduction, publication and\/or any other than strictly private use of the contents, in whole or in part, of the website https:\/\/www.adarsus.com\/ is not permitted without prior written consent.<\/span><\/p><p><strong>Software Intellectual Property<\/strong><\/p><p><span style=\"font-weight: 400;\">The user must respect the third party programmes made available by Metadata Strategy, S.L., even if they are free and\/or publicly available.<\/span><\/p><p><span style=\"font-weight: 400;\">Metadata Strategy, S.L. has the necessary exploitation and intellectual property rights to the software.<\/span><\/p><p><span style=\"font-weight: 400;\">The user does not acquire any rights or licences for the contracted service, for the software necessary for the provision of the service, nor for the technical information for monitoring the service, with the exception of the rights and licences necessary for the fulfilment of the contracted services and only for the duration of the contracted services.<\/span><\/p><p><span style=\"font-weight: 400;\">For any action that exceeds the fulfilment of the contract, the user will need written authorisation from Metadata Strategy, S.L., and the user is prohibited from accessing, modifying, visualising the configuration, structure and files of the servers owned by Metadata Strategy, S.L., assuming civil and criminal responsibility derived from any incident that may occur in the servers and security systems as a direct consequence of negligent or malicious action on their part.<\/span><\/p><p><strong>Intellectual property of hosted content<\/strong><\/p><p><span style=\"font-weight: 400;\">The use contrary to intellectual property legislation of the services provided by Metadata Strategy, S.L. and, in particular, of:<\/span><\/p><ol><li style=\"font-weight: 400;\" aria-level=\"1\"><span style=\"font-weight: 400;\">Use that is contrary to Spanish law or infringes the rights of third parties.<\/span><\/li><li style=\"font-weight: 400;\" aria-level=\"1\"><span style=\"font-weight: 400;\">The publication or transmission of any content that, in the opinion of Metadata Strategy, S.L., is violent, obscene, abusive, illegal, racial, xenophobic or defamatory.<\/span><\/li><li style=\"font-weight: 400;\" aria-level=\"1\"><span style=\"font-weight: 400;\">Cracks, software serial numbers or any other content that infringes the intellectual property rights of third parties.<\/span><\/li><li style=\"font-weight: 400;\" aria-level=\"1\"><span style=\"font-weight: 400;\">The collection and\/or use of personal data of other users without their express consent or in contravention of the provisions of Regulation (EU) 2016\/679 of the European Parliament and of the Council of 27 April 2016 on the protection of natural persons with regard to the processing of personal data and on the free movement of such data.<\/span><\/li><li style=\"font-weight: 400;\" aria-level=\"1\"><span style=\"font-weight: 400;\"><span style=\"font-weight: 400;\">The use of the domain's mail server and e-mail addresses for the sending of unsolicited bulk e-mail.<\/span><\/span><\/li><\/ol><p><span style=\"font-weight: 400;\">The user bears full responsibility for the content of his website, transmitted and stored information, hypertext links, third party claims and legal actions with reference to intellectual property, third party rights and protection of minors.<\/span><\/p><p><span style=\"font-weight: 400;\">The user is responsible for compliance with the laws and regulations in force and the rules concerning the operation of the online service, e-commerce, copyright, maintenance of public order, as well as universal principles of Internet use.<\/span><\/p><p><span style=\"font-weight: 400;\">The user will indemnify Metadata Strategy, S.L. for the expenses generated by the imputation of Metadata Strategy, S.L. in any cause whose responsibility is attributable to the user, including legal defence fees and expenses, even in the case of a non-final judicial decision.<\/span><\/p><p><strong>Protection of hosted information<\/strong><\/p><p><span style=\"font-weight: 400;\">Metadata Strategy, S.L. makes backup copies of the contents hosted on its servers, however it is not responsible for the accidental loss or deletion of data by users. Likewise, it does not guarantee the total replacement of data deleted by users, as the aforementioned data may have been deleted and\/or modified during the period of time that has elapsed since the last backup.<\/span><\/p><p><span style=\"font-weight: 400;\">The services offered, except for specific backup services, do not include the replacement of the contents kept in the backup copies made by Metadata Strategy, S.L., when this loss is attributable to the user; in this case, a fee will be determined according to the complexity and volume of the recovery, always with the prior acceptance of the user.<\/span><\/p><p><span style=\"font-weight: 400;\">The replacement of deleted data is only included in the price of the service when the loss of the content is due to causes attributable to Metadata Strategy, S.L..<\/span><\/p><p><strong>Commercial communications<\/strong><\/p><p><span style=\"font-weight: 400;\">In application of the LSSI. Metadata Strategy, S.L. will not send advertising or promotional communications by e-mail or any other equivalent means of electronic communication that have not been previously requested or expressly authorised by the recipients of the same.<\/span><\/p><p><span style=\"font-weight: 400;\">In the case of users with whom there is a previous contractual relationship, Metadata Strategy, S.L. is authorised to send commercial communications referring to Metadata Strategy, S.L. products or services that are similar to those that were initially contracted with the client.<\/span><\/p><p><span style=\"font-weight: 400;\">In any case, the user, after proving his or her identity, may request that no further commercial information be sent to him or her through the Customer Service channels.<\/span><\/p>\t\t\t\t\t\t\t\t<\/div>\n\t\t\t\t\t<\/div>\n\t\t\t\t<\/div>\n\t\t\t\t<\/div>","protected":false},"excerpt":{"rendered":"<p>Pol\u00edtica de Privacidad Protecci\u00f3n de datos de car\u00e1cter personal seg\u00fan el RGPD. Metadata Strategy, S.L., en aplicaci\u00f3n de la normativa vigente en materia de\u00a0protecci\u00f3n de datos\u00a0de car\u00e1cter personal, informa que los datos personales que se recogen a trav\u00e9s de los formularios del Sitio web: https:\/\/www.adarsus.com\/, se incluyen en los ficheros automatizados espec\u00edficos de usuarios de [&hellip;]<\/p>\n","protected":false},"author":1,"featured_media":0,"parent":0,"menu_order":0,"comment_status":"closed","ping_status":"closed","template":"","meta":{"footnotes":""},"class_list":["post-3","page","type-page","status-publish","hentry"],"_links":{"self":[{"href":"https:\/\/www.adarsus.com\/en\/wp-json\/wp\/v2\/pages\/3","targetHints":{"allow":["GET"]}}],"collection":[{"href":"https:\/\/www.adarsus.com\/en\/wp-json\/wp\/v2\/pages"}],"about":[{"href":"https:\/\/www.adarsus.com\/en\/wp-json\/wp\/v2\/types\/page"}],"author":[{"embeddable":true,"href":"https:\/\/www.adarsus.com\/en\/wp-json\/wp\/v2\/users\/1"}],"replies":[{"embeddable":true,"href":"https:\/\/www.adarsus.com\/en\/wp-json\/wp\/v2\/comments?post=3"}],"version-history":[{"count":28,"href":"https:\/\/www.adarsus.com\/en\/wp-json\/wp\/v2\/pages\/3\/revisions"}],"predecessor-version":[{"id":7937,"href":"https:\/\/www.adarsus.com\/en\/wp-json\/wp\/v2\/pages\/3\/revisions\/7937"}],"wp:attachment":[{"href":"https:\/\/www.adarsus.com\/en\/wp-json\/wp\/v2\/media?parent=3"}],"curies":[{"name":"wp","href":"https:\/\/api.w.org\/{rel}","templated":true}]}}